{"id":3629,"date":"2024-01-18T10:10:02","date_gmt":"2024-01-18T10:10:02","guid":{"rendered":"https:\/\/pura.uxper.co\/forest-lodge\/contact-03-copy\/"},"modified":"2026-01-05T22:25:02","modified_gmt":"2026-01-05T21:25:02","slug":"faqs","status":"publish","type":"page","link":"https:\/\/wislanskadolina.pl\/de\/faqs\/","title":{"rendered":"FAQ"},"content":{"rendered":"<div data-elementor-type=\"wp-page\" data-elementor-id=\"3629\" class=\"elementor elementor-3629\">\n\t\t\t\t<div class=\"elementor-element elementor-element-6852b2e1 e-con-full e-flex e-con e-parent\" data-id=\"6852b2e1\" data-element_type=\"container\" data-e-type=\"container\" data-settings=\"{&quot;background_background&quot;:&quot;classic&quot;}\">\n\t\t\t\t<div class=\"elementor-element elementor-element-15e70dc elementor-widget elementor-widget-heading\" data-id=\"15e70dc\" data-element_type=\"widget\" data-e-type=\"widget\" data-widget_type=\"heading.default\">\n\t\t\t\t\t<h2 class=\"elementor-heading-title elementor-size-default\">FAQs<\/h2>\t\t\t\t<\/div>\n\t\t\t\t<\/div>\n\t\t<div class=\"elementor-element elementor-element-7b3b3514 e-flex e-con-boxed e-con e-parent\" data-id=\"7b3b3514\" data-element_type=\"container\" data-e-type=\"container\">\n\t\t\t\t\t<div class=\"e-con-inner\">\n\t\t\t\t\t<\/div>\n\t\t\t\t<\/div>\n\t\t<div class=\"elementor-element elementor-element-44947fa8 e-flex e-con-boxed e-con e-child\" data-id=\"44947fa8\" data-element_type=\"container\" data-e-type=\"container\">\n\t\t\t\t\t<div class=\"e-con-inner\">\n\t\t<div class=\"elementor-element elementor-element-39f79e5a e-con-full animated-fast e-flex elementor-invisible e-con e-child\" data-id=\"39f79e5a\" data-element_type=\"container\" data-e-type=\"container\" data-settings=\"{&quot;animation&quot;:&quot;uxperFadeInLeft&quot;}\">\n\t\t\t\t<div class=\"elementor-element elementor-element-6b7c0527 elementor-widget elementor-widget-image\" data-id=\"6b7c0527\" data-element_type=\"widget\" data-e-type=\"widget\" data-widget_type=\"image.default\">\n\t\t\t\t\t\t\t\t\t\t\t\t\t\t\t<img fetchpriority=\"high\" decoding=\"async\" width=\"1920\" height=\"2560\" src=\"https:\/\/wislanskadolina.pl\/wp-content\/uploads\/2025\/11\/image00007-scaled.jpeg\" class=\"attachment-full size-full wp-image-5239\" alt=\"Jacuzzi (balia) przy domku w Wi\u015ble \u2013 zima\" srcset=\"https:\/\/wislanskadolina.pl\/wp-content\/uploads\/2025\/11\/image00007-scaled.jpeg 1920w, https:\/\/wislanskadolina.pl\/wp-content\/uploads\/2025\/11\/image00007-225x300.jpeg 225w, https:\/\/wislanskadolina.pl\/wp-content\/uploads\/2025\/11\/image00007-768x1024.jpeg 768w, https:\/\/wislanskadolina.pl\/wp-content\/uploads\/2025\/11\/image00007-1152x1536.jpeg 1152w, https:\/\/wislanskadolina.pl\/wp-content\/uploads\/2025\/11\/image00007-1536x2048.jpeg 1536w, https:\/\/wislanskadolina.pl\/wp-content\/uploads\/2025\/11\/image00007-9x12.jpeg 9w, https:\/\/wislanskadolina.pl\/wp-content\/uploads\/2025\/11\/image00007-600x800.jpeg 600w\" sizes=\"(max-width: 1920px) 100vw, 1920px\" \/>\t\t\t\t\t\t\t\t\t\t\t\t\t\t\t<\/div>\n\t\t\t\t<\/div>\n\t\t<div class=\"elementor-element elementor-element-4f896890 e-con-full animated-fast e-flex elementor-invisible e-con e-child\" data-id=\"4f896890\" data-element_type=\"container\" data-e-type=\"container\" data-settings=\"{&quot;background_background&quot;:&quot;classic&quot;,&quot;animation&quot;:&quot;uxperFadeInRight&quot;}\">\n\t\t\t\t<div class=\"elementor-element elementor-element-59ca37a0 elementor-widget elementor-widget-uxper-modern-heading\" data-id=\"59ca37a0\" data-element_type=\"widget\" data-e-type=\"widget\" data-widget_type=\"uxper-modern-heading.default\">\n\t\t\t\t<div class=\"elementor-widget-container\">\n\t\t\t\t\t\t\t<div class=\"ue-morden-heading\">\r\n\t\t\t            <div class=\"uxper-ele-heading\">\r\n                                                    <h2 class=\"heading-title\">Fragen und Antworten<\/h2>\r\n                                                                <div class=\"heading-description\">\r\n                    <p>Alles griffbereit.<\/p>                <\/div>\r\n                            <\/div>\r\n        \t\t<\/div>\r\n\t\t\t\t<\/div>\n\t\t\t\t<\/div>\n\t\t\t\t<div class=\"elementor-element elementor-element-1d19f39b elementor-widget elementor-widget-accordion\" data-id=\"1d19f39b\" data-element_type=\"widget\" data-e-type=\"widget\" data-widget_type=\"accordion.default\">\n\t\t\t\t\t\t\t<div class=\"elementor-accordion\">\n\t\t\t\t\t\t\t<div class=\"elementor-accordion-item\">\n\t\t\t\t\t<div id=\"elementor-tab-title-4881\" class=\"elementor-tab-title\" data-tab=\"1\" role=\"button\" aria-controls=\"elementor-tab-content-4881\" aria-expanded=\"false\">\n\t\t\t\t\t\t\t\t\t\t\t\t<a class=\"elementor-accordion-title\" tabindex=\"0\">Ab wann ist das Ferienhaus verf\u00fcgbar? Wann muss ich die Schl\u00fcssel zur\u00fcckgeben?<\/a>\n\t\t\t\t\t<\/div>\n\t\t\t\t\t<div id=\"elementor-tab-content-4881\" class=\"elementor-tab-content elementor-clearfix\" data-tab=\"1\" role=\"region\" aria-labelledby=\"elementor-tab-title-4881\"><p>Das Ferienhaus steht Ihnen am Anreisetag ab 15:00 Uhr zur Verf\u00fcgung. Die Schl\u00fcssel m\u00fcssen am letzten Tag Ihres Aufenthalts bis 10:00 Uhr zur\u00fcckgegeben werden. Bitte rufen Sie am Anreisetag den Eigent\u00fcmer an. Anschlie\u00dfend wird ein Code f\u00fcr den Schl\u00fcsselkasten generiert.<\/p><\/div>\n\t\t\t\t<\/div>\n\t\t\t\t\t\t\t<div class=\"elementor-accordion-item\">\n\t\t\t\t\t<div id=\"elementor-tab-title-4882\" class=\"elementor-tab-title\" data-tab=\"2\" role=\"button\" aria-controls=\"elementor-tab-content-4882\" aria-expanded=\"false\">\n\t\t\t\t\t\t\t\t\t\t\t\t<a class=\"elementor-accordion-title\" tabindex=\"0\">Wenn ich sp\u00e4t ankomme, wie kann ich dann die Schl\u00fcssel abholen?<\/a>\n\t\t\t\t\t<\/div>\n\t\t\t\t\t<div id=\"elementor-tab-content-4882\" class=\"elementor-tab-content elementor-clearfix\" data-tab=\"2\" role=\"region\" aria-labelledby=\"elementor-tab-title-4882\"><div class=\"acc-group\"><div id=\"acc5\" class=\"collapse in\" aria-expanded=\"true\"><div class=\"content\"><p>Die Schl\u00fcssel erhalten Sie \u00fcber einen von uns zuvor generierten Code f\u00fcr das Schl\u00fcsselk\u00e4stchen, das sich direkt vor dem Eingang zum Ferienhaus befindet, oder direkt vom Eigent\u00fcmer.<\/p><\/div><\/div><\/div><\/div>\n\t\t\t\t<\/div>\n\t\t\t\t\t\t\t<div class=\"elementor-accordion-item\">\n\t\t\t\t\t<div id=\"elementor-tab-title-4883\" class=\"elementor-tab-title\" data-tab=\"3\" role=\"button\" aria-controls=\"elementor-tab-content-4883\" aria-expanded=\"false\">\n\t\t\t\t\t\t\t\t\t\t\t\t<a class=\"elementor-accordion-title\" tabindex=\"0\">Welche Zahlungsarten gibt es?<\/a>\n\t\t\t\t\t<\/div>\n\t\t\t\t\t<div id=\"elementor-tab-content-4883\" class=\"elementor-tab-content elementor-clearfix\" data-tab=\"3\" role=\"region\" aria-labelledby=\"elementor-tab-title-4883\"><p>Die vollst\u00e4ndige Zahlung erfolgt vor Ort bei der \u00dcbergabe des Ferienhauses. Sie kann in bar oder per \u00dcberweisung \/ BLIK erfolgen.<\/p><\/div>\n\t\t\t\t<\/div>\n\t\t\t\t\t\t\t<div class=\"elementor-accordion-item\">\n\t\t\t\t\t<div id=\"elementor-tab-title-4884\" class=\"elementor-tab-title\" data-tab=\"4\" role=\"button\" aria-controls=\"elementor-tab-content-4884\" aria-expanded=\"false\">\n\t\t\t\t\t\t\t\t\t\t\t\t<a class=\"elementor-accordion-title\" tabindex=\"0\">Wie lauten die Stornierungsbedingungen?<\/a>\n\t\t\t\t\t<\/div>\n\t\t\t\t\t<div id=\"elementor-tab-content-4884\" class=\"elementor-tab-content elementor-clearfix\" data-tab=\"4\" role=\"region\" aria-labelledby=\"elementor-tab-title-4884\"><p>Das Angebot ist nicht r\u00fcckgabeberechtigt.<\/p><\/div>\n\t\t\t\t<\/div>\n\t\t\t\t\t\t\t<div class=\"elementor-accordion-item\">\n\t\t\t\t\t<div id=\"elementor-tab-title-4885\" class=\"elementor-tab-title\" data-tab=\"5\" role=\"button\" aria-controls=\"elementor-tab-content-4885\" aria-expanded=\"false\">\n\t\t\t\t\t\t\t\t\t\t\t\t<a class=\"elementor-accordion-title\" tabindex=\"0\">Was sollte ich noch wissen?<\/a>\n\t\t\t\t\t<\/div>\n\t\t\t\t\t<div id=\"elementor-tab-content-4885\" class=\"elementor-tab-content elementor-clearfix\" data-tab=\"5\" role=\"region\" aria-labelledby=\"elementor-tab-title-4885\"><p>In den Ferienh\u00e4usern gilt ein absolutes Rauchverbot f\u00fcr herk\u00f6mmliche Zigaretten, GLO, IQOS und E-Zigaretten. Es ist verboten, Partys wie 18. Geburtstage, Junggesellenabschiede, Junggesellinnenabschiede usw. zu organisieren.<\/p><\/div>\n\t\t\t\t<\/div>\n\t\t\t\t\t\t\t\t<\/div>\n\t\t\t\t\t\t<\/div>\n\t\t\t\t<\/div>\n\t\t\t\t\t<\/div>\n\t\t\t\t<\/div>\n\t\t<div class=\"elementor-element elementor-element-32742181 e-flex e-con-boxed e-con e-parent\" data-id=\"32742181\" data-element_type=\"container\" data-e-type=\"container\" data-settings=\"{&quot;background_background&quot;:&quot;classic&quot;}\">\n\t\t\t\t\t<div class=\"e-con-inner\">\n\t\t\t\t<div class=\"elementor-element elementor-element-6043215d elementor-widget__width-initial animated-fast elementor-invisible elementor-widget elementor-widget-heading\" data-id=\"6043215d\" data-element_type=\"widget\" data-e-type=\"widget\" data-settings=\"{&quot;_animation&quot;:&quot;uxperFadeInUp&quot;}\" data-widget_type=\"heading.default\">\n\t\t\t\t\t<h2 class=\"elementor-heading-title elementor-size-default\"><a href=\"tel:+48665323996\">Kontaktieren Sie uns, um Ihren Aufenthalt zu buchen.<\/a><\/h2>\t\t\t\t<\/div>\n\t\t\t\t<div class=\"elementor-element elementor-element-344edfde elementor-align-center animated-fast elementor-invisible elementor-widget elementor-widget-button\" data-id=\"344edfde\" data-element_type=\"widget\" data-e-type=\"widget\" data-settings=\"{&quot;_animation&quot;:&quot;uxperFadeInUp&quot;,&quot;_animation_delay&quot;:300}\" data-widget_type=\"button.default\">\n\t\t\t\t\t\t\t\t\t\t<a class=\"elementor-button elementor-button-link elementor-size-sm\" href=\"tel:+48665323996\">\n\t\t\t\t\t\t<span class=\"elementor-button-content-wrapper\">\n\t\t\t\t\t\t\t\t\t<span class=\"elementor-button-text\">Rufen Sie uns an<\/span>\n\t\t\t\t\t<\/span>\n\t\t\t\t\t<\/a>\n\t\t\t\t\t\t\t\t<\/div>\n\t\t\t\t<div class=\"elementor-element elementor-element-328b8057 elementor-widget__width-initial animated-fast elementor-invisible elementor-widget elementor-widget-heading\" data-id=\"328b8057\" data-element_type=\"widget\" data-e-type=\"widget\" data-settings=\"{&quot;_animation&quot;:&quot;uxperFadeInUp&quot;,&quot;_animation_delay&quot;:600}\" data-widget_type=\"heading.default\">\n\t\t\t\t\t<h2 class=\"elementor-heading-title elementor-size-default\">+48 665 323 996<\/h2>\t\t\t\t<\/div>\n\t\t\t\t\t<\/div>\n\t\t\t\t<\/div>\n\t\t\t\t<\/div>","protected":false},"excerpt":{"rendered":"<p>FAQ&#8217;S Pytania i odpowiedzi Wszystko w zasi\u0119gu r\u0119ki. Od kt\u00f3rej godziny dost\u0119pny jest domek? O kt\u00f3rej godzinie musz\u0119 odda\u0107 klucze? Domek jest dost\u0119pny w dniu przyjazdu od godziny 15:00, a klucze nale\u017cy odda\u0107 do godziny 10.00 w ostatnim dniu pobytu. W dniu przyjazdu prosimy o telefon do w\u0142a\u015bciciela obiektu, po tej czynno\u015bci zostanie wygenerowany kod [&hellip;]<\/p>\n","protected":false},"author":1,"featured_media":0,"parent":0,"menu_order":0,"comment_status":"closed","ping_status":"closed","template":"elementor_header_footer","meta":{"footnotes":""},"class_list":["post-3629","page","type-page","status-publish","hentry","post-no-thumbnail"],"yoast_head":"<!-- This site is optimized with the Yoast SEO Premium plugin v26.9 (Yoast SEO v26.9) - https:\/\/yoast.com\/product\/yoast-seo-premium-wordpress\/ -->\n<title>FAQ - Domki ca\u0142oroczne na wynajem<\/title>\n<meta name=\"robots\" content=\"index, follow, max-snippet:-1, max-image-preview:large, max-video-preview:-1\" \/>\n<link rel=\"canonical\" href=\"https:\/\/wislanskadolina.pl\/de\/faqs\/\" \/>\n<meta property=\"og:locale\" content=\"de_DE\" \/>\n<meta property=\"og:type\" content=\"article\" \/>\n<meta property=\"og:title\" content=\"FAQ\" \/>\n<meta property=\"og:description\" content=\"FAQ&#8217;S Pytania i odpowiedzi Wszystko w zasi\u0119gu r\u0119ki. Od kt\u00f3rej godziny dost\u0119pny jest domek? O kt\u00f3rej godzinie musz\u0119 odda\u0107 klucze? Domek jest dost\u0119pny w dniu przyjazdu od godziny 15:00, a klucze nale\u017cy odda\u0107 do godziny 10.00 w ostatnim dniu pobytu. W dniu przyjazdu prosimy o telefon do w\u0142a\u015bciciela obiektu, po tej czynno\u015bci zostanie wygenerowany kod [&hellip;]\" \/>\n<meta property=\"og:url\" content=\"https:\/\/wislanskadolina.pl\/de\/faqs\/\" \/>\n<meta property=\"og:site_name\" content=\"Domki ca\u0142oroczne na wynajem\" \/>\n<meta property=\"article:modified_time\" content=\"2026-01-05T21:25:02+00:00\" \/>\n<meta property=\"og:image\" content=\"https:\/\/wislanskadolina.pl\/wp-content\/uploads\/2025\/11\/image00007-scaled.jpeg\" \/>\n\t<meta property=\"og:image:width\" content=\"1920\" \/>\n\t<meta property=\"og:image:height\" content=\"2560\" \/>\n\t<meta property=\"og:image:type\" content=\"image\/jpeg\" \/>\n<meta name=\"twitter:card\" content=\"summary_large_image\" \/>\n<meta name=\"twitter:label1\" content=\"Gesch\u00e4tzte Lesezeit\" \/>\n\t<meta name=\"twitter:data1\" content=\"1\u00a0Minute\" \/>\n<script type=\"application\/ld+json\" class=\"yoast-schema-graph\">{\"@context\":\"https:\/\/schema.org\",\"@graph\":[{\"@type\":\"WebPage\",\"@id\":\"https:\/\/wislanskadolina.pl\/faqs\/\",\"url\":\"https:\/\/wislanskadolina.pl\/faqs\/\",\"name\":\"FAQ - Domki ca\u0142oroczne na wynajem\",\"isPartOf\":{\"@id\":\"https:\/\/wislanskadolina.pl\/#website\"},\"primaryImageOfPage\":{\"@id\":\"https:\/\/wislanskadolina.pl\/faqs\/#primaryimage\"},\"image\":{\"@id\":\"https:\/\/wislanskadolina.pl\/faqs\/#primaryimage\"},\"thumbnailUrl\":\"https:\/\/wislanskadolina.pl\/wp-content\/uploads\/2025\/11\/image00007-scaled.jpeg\",\"datePublished\":\"2024-01-18T10:10:02+00:00\",\"dateModified\":\"2026-01-05T21:25:02+00:00\",\"breadcrumb\":{\"@id\":\"https:\/\/wislanskadolina.pl\/faqs\/#breadcrumb\"},\"inLanguage\":\"de\",\"potentialAction\":[{\"@type\":\"ReadAction\",\"target\":[\"https:\/\/wislanskadolina.pl\/faqs\/\"]}]},{\"@type\":\"ImageObject\",\"inLanguage\":\"de\",\"@id\":\"https:\/\/wislanskadolina.pl\/faqs\/#primaryimage\",\"url\":\"https:\/\/wislanskadolina.pl\/wp-content\/uploads\/2025\/11\/image00007-scaled.jpeg\",\"contentUrl\":\"https:\/\/wislanskadolina.pl\/wp-content\/uploads\/2025\/11\/image00007-scaled.jpeg\"},{\"@type\":\"BreadcrumbList\",\"@id\":\"https:\/\/wislanskadolina.pl\/faqs\/#breadcrumb\",\"itemListElement\":[{\"@type\":\"ListItem\",\"position\":1,\"name\":\"Strona g\u0142\u00f3wna\",\"item\":\"https:\/\/wislanskadolina.pl\/\"},{\"@type\":\"ListItem\",\"position\":2,\"name\":\"FAQ\"}]},{\"@type\":\"WebSite\",\"@id\":\"https:\/\/wislanskadolina.pl\/#website\",\"url\":\"https:\/\/wislanskadolina.pl\/\",\"name\":\"Domki ca\u0142oroczne na wynajem\",\"description\":\"Wi\u015bla\u0144ska Dolina\",\"publisher\":{\"@id\":\"https:\/\/wislanskadolina.pl\/#organization\"},\"alternateName\":\"Domki w Wi\u015ble \u2013 Wi\u015bla\u0144ska Dolina\",\"potentialAction\":[{\"@type\":\"SearchAction\",\"target\":{\"@type\":\"EntryPoint\",\"urlTemplate\":\"https:\/\/wislanskadolina.pl\/?s={search_term_string}\"},\"query-input\":{\"@type\":\"PropertyValueSpecification\",\"valueRequired\":true,\"valueName\":\"search_term_string\"}}],\"inLanguage\":\"de\"},{\"@type\":\"Organization\",\"@id\":\"https:\/\/wislanskadolina.pl\/#organization\",\"name\":\"Wi\u015bla\u0144ska Dolina\",\"url\":\"https:\/\/wislanskadolina.pl\/\",\"logo\":{\"@type\":\"ImageObject\",\"inLanguage\":\"de\",\"@id\":\"https:\/\/wislanskadolina.pl\/#\/schema\/logo\/image\/\",\"url\":\"https:\/\/wislanskadolina.pl\/wp-content\/uploads\/2025\/10\/cropped-3@4x.png\",\"contentUrl\":\"https:\/\/wislanskadolina.pl\/wp-content\/uploads\/2025\/10\/cropped-3@4x.png\",\"width\":512,\"height\":512,\"caption\":\"Wi\u015bla\u0144ska Dolina\"},\"image\":{\"@id\":\"https:\/\/wislanskadolina.pl\/#\/schema\/logo\/image\/\"},\"description\":\"Wi\u015bla\u0144ska Dolina to komfortowe domki ca\u0142oroczne w Wi\u015ble (Nowa Osada). Oferujemy prywatn\u0105 bali\u0119 i saun\u0119, idealne warunki dla rodzin i grup na weekendy oraz d\u0142u\u017csze pobyty. Rezerwacje telefoniczne i online.\",\"email\":\"kontakt@wislanskadolina.pl\",\"telephone\":\"665323996\"}]}<\/script>\n<!-- \/ Yoast SEO Premium plugin. -->","yoast_head_json":{"title":"FAQ - Domki ca\u0142oroczne na wynajem","robots":{"index":"index","follow":"follow","max-snippet":"max-snippet:-1","max-image-preview":"max-image-preview:large","max-video-preview":"max-video-preview:-1"},"canonical":"https:\/\/wislanskadolina.pl\/de\/faqs\/","og_locale":"de_DE","og_type":"article","og_title":"FAQ","og_description":"FAQ&#8217;S Pytania i odpowiedzi Wszystko w zasi\u0119gu r\u0119ki. Od kt\u00f3rej godziny dost\u0119pny jest domek? O kt\u00f3rej godzinie musz\u0119 odda\u0107 klucze? Domek jest dost\u0119pny w dniu przyjazdu od godziny 15:00, a klucze nale\u017cy odda\u0107 do godziny 10.00 w ostatnim dniu pobytu. W dniu przyjazdu prosimy o telefon do w\u0142a\u015bciciela obiektu, po tej czynno\u015bci zostanie wygenerowany kod [&hellip;]","og_url":"https:\/\/wislanskadolina.pl\/de\/faqs\/","og_site_name":"Domki ca\u0142oroczne na wynajem","article_modified_time":"2026-01-05T21:25:02+00:00","og_image":[{"width":1920,"height":2560,"url":"https:\/\/wislanskadolina.pl\/wp-content\/uploads\/2025\/11\/image00007-scaled.jpeg","type":"image\/jpeg"}],"twitter_card":"summary_large_image","twitter_misc":{"Gesch\u00e4tzte Lesezeit":"1\u00a0Minute"},"schema":{"@context":"https:\/\/schema.org","@graph":[{"@type":"WebPage","@id":"https:\/\/wislanskadolina.pl\/faqs\/","url":"https:\/\/wislanskadolina.pl\/faqs\/","name":"FAQ - Domki ca\u0142oroczne na wynajem","isPartOf":{"@id":"https:\/\/wislanskadolina.pl\/#website"},"primaryImageOfPage":{"@id":"https:\/\/wislanskadolina.pl\/faqs\/#primaryimage"},"image":{"@id":"https:\/\/wislanskadolina.pl\/faqs\/#primaryimage"},"thumbnailUrl":"https:\/\/wislanskadolina.pl\/wp-content\/uploads\/2025\/11\/image00007-scaled.jpeg","datePublished":"2024-01-18T10:10:02+00:00","dateModified":"2026-01-05T21:25:02+00:00","breadcrumb":{"@id":"https:\/\/wislanskadolina.pl\/faqs\/#breadcrumb"},"inLanguage":"de","potentialAction":[{"@type":"ReadAction","target":["https:\/\/wislanskadolina.pl\/faqs\/"]}]},{"@type":"ImageObject","inLanguage":"de","@id":"https:\/\/wislanskadolina.pl\/faqs\/#primaryimage","url":"https:\/\/wislanskadolina.pl\/wp-content\/uploads\/2025\/11\/image00007-scaled.jpeg","contentUrl":"https:\/\/wislanskadolina.pl\/wp-content\/uploads\/2025\/11\/image00007-scaled.jpeg"},{"@type":"BreadcrumbList","@id":"https:\/\/wislanskadolina.pl\/faqs\/#breadcrumb","itemListElement":[{"@type":"ListItem","position":1,"name":"Strona g\u0142\u00f3wna","item":"https:\/\/wislanskadolina.pl\/"},{"@type":"ListItem","position":2,"name":"FAQ"}]},{"@type":"WebSite","@id":"https:\/\/wislanskadolina.pl\/#website","url":"https:\/\/wislanskadolina.pl\/","name":"Ganzj\u00e4hrig vermietbare Ferienh\u00e4user","description":"Das Wis\u0142a-Tal","publisher":{"@id":"https:\/\/wislanskadolina.pl\/#organization"},"alternateName":"Domki w Wi\u015ble \u2013 Wi\u015bla\u0144ska Dolina","potentialAction":[{"@type":"SearchAction","target":{"@type":"EntryPoint","urlTemplate":"https:\/\/wislanskadolina.pl\/?s={search_term_string}"},"query-input":{"@type":"PropertyValueSpecification","valueRequired":true,"valueName":"search_term_string"}}],"inLanguage":"de"},{"@type":"Organization","@id":"https:\/\/wislanskadolina.pl\/#organization","name":"Das Wis\u0142a-Tal","url":"https:\/\/wislanskadolina.pl\/","logo":{"@type":"ImageObject","inLanguage":"de","@id":"https:\/\/wislanskadolina.pl\/#\/schema\/logo\/image\/","url":"https:\/\/wislanskadolina.pl\/wp-content\/uploads\/2025\/10\/cropped-3@4x.png","contentUrl":"https:\/\/wislanskadolina.pl\/wp-content\/uploads\/2025\/10\/cropped-3@4x.png","width":512,"height":512,"caption":"Wi\u015bla\u0144ska Dolina"},"image":{"@id":"https:\/\/wislanskadolina.pl\/#\/schema\/logo\/image\/"},"description":"Wi\u015bla\u0144ska Dolina to komfortowe domki ca\u0142oroczne w Wi\u015ble (Nowa Osada). Oferujemy prywatn\u0105 bali\u0119 i saun\u0119, idealne warunki dla rodzin i grup na weekendy oraz d\u0142u\u017csze pobyty. Rezerwacje telefoniczne i online.","email":"kontakt@wislanskadolina.pl","telephone":"665323996"}]}},"_links":{"self":[{"href":"https:\/\/wislanskadolina.pl\/de\/wp-json\/wp\/v2\/pages\/3629","targetHints":{"allow":["GET"]}}],"collection":[{"href":"https:\/\/wislanskadolina.pl\/de\/wp-json\/wp\/v2\/pages"}],"about":[{"href":"https:\/\/wislanskadolina.pl\/de\/wp-json\/wp\/v2\/types\/page"}],"author":[{"embeddable":true,"href":"https:\/\/wislanskadolina.pl\/de\/wp-json\/wp\/v2\/users\/1"}],"replies":[{"embeddable":true,"href":"https:\/\/wislanskadolina.pl\/de\/wp-json\/wp\/v2\/comments?post=3629"}],"version-history":[{"count":18,"href":"https:\/\/wislanskadolina.pl\/de\/wp-json\/wp\/v2\/pages\/3629\/revisions"}],"predecessor-version":[{"id":5337,"href":"https:\/\/wislanskadolina.pl\/de\/wp-json\/wp\/v2\/pages\/3629\/revisions\/5337"}],"wp:attachment":[{"href":"https:\/\/wislanskadolina.pl\/de\/wp-json\/wp\/v2\/media?parent=3629"}],"curies":[{"name":"wp","href":"https:\/\/api.w.org\/{rel}","templated":true}]}}