{"id":3065,"date":"2024-01-16T02:12:12","date_gmt":"2024-01-16T02:12:12","guid":{"rendered":"https:\/\/pura.uxper.co\/forest-lodge\/?page_id=3065"},"modified":"2025-11-21T09:16:44","modified_gmt":"2025-11-21T08:16:44","slug":"polityka-prywatnosci-2","status":"publish","type":"page","link":"https:\/\/wislanskadolina.pl\/en\/polityka-prywatnosci-2\/","title":{"rendered":"Privacy policy"},"content":{"rendered":"\t\t<div data-elementor-type=\"wp-page\" data-elementor-id=\"3065\" class=\"elementor elementor-3065\">\n\t\t\t\t<div class=\"elementor-element elementor-element-5796a31 e-flex e-con-boxed e-con e-parent\" data-id=\"5796a31\" data-element_type=\"container\" data-e-type=\"container\">\n\t\t\t\t\t<div class=\"e-con-inner\">\n\t\t\t\t<div class=\"elementor-element elementor-element-b5492b4 elementor-widget elementor-widget-text-editor\" data-id=\"b5492b4\" data-element_type=\"widget\" data-e-type=\"widget\" data-widget_type=\"text-editor.default\">\n\t\t\t\t\t\t\t\t\t<p data-start=\"59\" data-end=\"127\"><strong data-start=\"59\" data-end=\"127\">Polityka prywatno\u015bci i plik\u00f3w cookies serwisu \u201eWi\u015bla\u0144ska Dolina\u201d<\/strong><\/p><h3 data-start=\"129\" data-end=\"156\">1. Administrator danych<\/h3><p data-start=\"158\" data-end=\"279\">Administratorem Twoich danych osobowych jest <strong data-start=\"203\" data-end=\"244\">w\u0142a\u015bciciel obiektu \u201eWi\u015bla\u0144ska Dolina\u201d<\/strong> (dalej: <em data-start=\"253\" data-end=\"268\">Administrator<\/em>), kontakt:<\/p><ul data-start=\"281\" data-end=\"435\"><li data-start=\"281\" data-end=\"309\"><p data-start=\"283\" data-end=\"309\">telefon: <strong data-start=\"292\" data-end=\"307\">665 323 996<\/strong><\/p><\/li><li data-start=\"310\" data-end=\"352\"><p data-start=\"312\" data-end=\"352\">e-mail: <strong data-start=\"320\" data-end=\"350\"><a class=\"decorated-link cursor-pointer\" rel=\"noopener\" data-start=\"322\" data-end=\"348\">kontakt@wislanskadolina.pl<\/a><\/strong><\/p><\/li><li data-start=\"353\" data-end=\"435\"><p data-start=\"355\" data-end=\"435\">adres obiektu \/ korespondencyjny: <strong data-start=\"389\" data-end=\"435\">ul. Wyzwolenia 39, 43-460 Wis\u0142a<\/strong><\/p><\/li><\/ul><h3 data-start=\"437\" data-end=\"498\">2. Zakres przetwarzanych danych i spos\u00f3b ich pozyskiwania<\/h3><p data-start=\"500\" data-end=\"553\">Twoje dane osobowe mog\u0105 by\u0107 przetwarzane w zwi\u0105zku z:<\/p><ul data-start=\"555\" data-end=\"740\"><li data-start=\"555\" data-end=\"616\"><p data-start=\"557\" data-end=\"616\">korzystaniem ze strony internetowej <strong data-start=\"593\" data-end=\"615\">wislanskadolina.pl<\/strong>,<\/p><\/li><li data-start=\"617\" data-end=\"666\"><p data-start=\"619\" data-end=\"666\">wys\u0142aniem zapytania przez formularz kontaktowy,<\/p><\/li><li data-start=\"667\" data-end=\"708\"><p data-start=\"669\" data-end=\"708\">kontaktem e-mailowym lub telefonicznym,<\/p><\/li><li data-start=\"709\" data-end=\"740\"><p data-start=\"711\" data-end=\"740\">dokonaniem rezerwacji pobytu.<\/p><\/li><\/ul><p data-start=\"742\" data-end=\"770\">W szczeg\u00f3lno\u015bci mog\u0105 to by\u0107:<\/p><ul data-start=\"772\" data-end=\"1087\"><li data-start=\"772\" data-end=\"790\"><p data-start=\"774\" data-end=\"790\">imi\u0119 i nazwisko,<\/p><\/li><li data-start=\"791\" data-end=\"806\"><p data-start=\"793\" data-end=\"806\">adres e-mail,<\/p><\/li><li data-start=\"807\" data-end=\"824\"><p data-start=\"809\" data-end=\"824\">numer telefonu,<\/p><\/li><li data-start=\"825\" data-end=\"920\"><p data-start=\"827\" data-end=\"920\">termin planowanego pobytu, liczba os\u00f3b, ewentualne dodatkowe informacje dotycz\u0105ce rezerwacji,<\/p><\/li><li data-start=\"921\" data-end=\"973\"><p data-start=\"923\" data-end=\"973\">dane przekazywane dobrowolnie w tre\u015bci wiadomo\u015bci,<\/p><\/li><li data-start=\"974\" data-end=\"1087\"><p data-start=\"976\" data-end=\"1087\">dane techniczne zwi\u0105zane z korzystaniem ze strony (np. adres IP, typ przegl\u0105darki, cookies, dane statystyczne).<\/p><\/li><\/ul><h3 data-start=\"1089\" data-end=\"1139\">3. Cele i podstawy prawne przetwarzania danych<\/h3><p data-start=\"1141\" data-end=\"1199\">Twoje dane osobowe s\u0105 przetwarzane w nast\u0119puj\u0105cych celach:<\/p><ol data-start=\"1201\" data-end=\"2247\"><li data-start=\"1201\" data-end=\"1448\"><p data-start=\"1204\" data-end=\"1291\"><strong data-start=\"1204\" data-end=\"1289\">Udzielenie odpowiedzi na zapytanie oraz przygotowanie i obs\u0142uga rezerwacji pobytu<\/strong><\/p><ul data-start=\"1295\" data-end=\"1448\"><li data-start=\"1295\" data-end=\"1448\"><p data-start=\"1297\" data-end=\"1448\">podstawa prawna: art. 6 ust. 1 lit. b RODO \u2013 niezb\u0119dno\u015b\u0107 do podj\u0119cia dzia\u0142a\u0144 przed zawarciem umowy oraz wykonania umowy (rezerwacja i pobyt w domkach).<\/p><\/li><\/ul><\/li><li data-start=\"1450\" data-end=\"1597\"><p data-start=\"1453\" data-end=\"1548\"><strong data-start=\"1453\" data-end=\"1546\">Realizacja obowi\u0105zk\u00f3w prawnych ci\u0105\u017c\u0105cych na Administratorze (np. podatkowych, ksi\u0119gowych)<\/strong><\/p><ul data-start=\"1552\" data-end=\"1597\"><li data-start=\"1552\" data-end=\"1597\"><p data-start=\"1554\" data-end=\"1597\">podstawa prawna: art. 6 ust. 1 lit. c RODO.<\/p><\/li><\/ul><\/li><li data-start=\"1599\" data-end=\"1757\"><p data-start=\"1602\" data-end=\"1671\"><strong data-start=\"1602\" data-end=\"1669\">Ewentualne ustalenie, dochodzenie lub obrona przed roszczeniami<\/strong><\/p><ul data-start=\"1675\" data-end=\"1757\"><li data-start=\"1675\" data-end=\"1757\"><p data-start=\"1677\" data-end=\"1757\">podstawa prawna: art. 6 ust. 1 lit. f RODO \u2013 uzasadniony interes Administratora.<\/p><\/li><\/ul><\/li><li data-start=\"1759\" data-end=\"2051\"><p data-start=\"1762\" data-end=\"1868\"><strong data-start=\"1762\" data-end=\"1866\">Prowadzenie statystyk, analiza sposobu korzystania ze strony, poprawa jej dzia\u0142ania i bezpiecze\u0144stwa<\/strong><\/p><ul data-start=\"1872\" data-end=\"2051\"><li data-start=\"1872\" data-end=\"2051\"><p data-start=\"1874\" data-end=\"2051\">podstawa prawna: art. 6 ust. 1 lit. f RODO \u2013 uzasadniony interes Administratora polegaj\u0105cy na prowadzeniu analizy aktywno\u015bci u\u017cytkownik\u00f3w oraz zapewnieniu bezpiecze\u0144stwa strony.<\/p><\/li><\/ul><\/li><li data-start=\"2053\" data-end=\"2247\"><p data-start=\"2056\" data-end=\"2190\"><strong data-start=\"2056\" data-end=\"2143\">Dzia\u0142ania marketingowe (np. przesy\u0142anie informacji o ofercie na e-mail lub telefon)<\/strong> \u2013 tylko w przypadku wyra\u017cenia odr\u0119bnej zgody<\/p><ul data-start=\"2194\" data-end=\"2247\"><li data-start=\"2194\" data-end=\"2247\"><p data-start=\"2196\" data-end=\"2247\">podstawa prawna: art. 6 ust. 1 lit. a RODO \u2013 zgoda.<\/p><\/li><\/ul><\/li><\/ol><h3 data-start=\"2249\" data-end=\"2271\">4. Odbiorcy danych<\/h3><p data-start=\"2273\" data-end=\"2340\">Twoje dane mog\u0105 by\u0107 przekazywane nast\u0119puj\u0105cym kategoriom odbiorc\u00f3w:<\/p><ul data-start=\"2342\" data-end=\"2833\"><li data-start=\"2342\" data-end=\"2443\"><p data-start=\"2344\" data-end=\"2443\">podmiotom \u015bwiadcz\u0105cym us\u0142ugi hostingowe i informatyczne (serwer, utrzymanie strony, poczta e-mail),<\/p><\/li><li data-start=\"2444\" data-end=\"2534\"><p data-start=\"2446\" data-end=\"2534\">podmiotom \u015bwiadcz\u0105cym us\u0142ugi ksi\u0119gowe i doradcze (je\u015bli jest to konieczne do rozlicze\u0144),<\/p><\/li><li data-start=\"2535\" data-end=\"2620\"><p data-start=\"2537\" data-end=\"2620\">operatorom system\u00f3w rezerwacyjnych \/ p\u0142atno\u015bci online,<\/p><\/li><li data-start=\"2621\" data-end=\"2724\"><p data-start=\"2623\" data-end=\"2724\">portalom rezerwacyjnym (np. Booking.com, Nocowanie.pl),<\/p><\/li><li data-start=\"2725\" data-end=\"2833\"><p data-start=\"2727\" data-end=\"2833\">dostawcom narz\u0119dzi statystycznych i analitycznych (np. Google Analytics).<\/p><\/li><\/ul><p data-start=\"2835\" data-end=\"2972\">Wszyscy odbiorcy danych przetwarzaj\u0105 je wy\u0142\u0105cznie na podstawie um\u00f3w i w zakresie niezb\u0119dnym do wykonywania us\u0142ug na rzecz Administratora.<\/p><h3 data-start=\"2974\" data-end=\"3042\">5. Przekazywanie danych poza Europejski Obszar Gospodarczy (EOG)<\/h3><p data-start=\"3044\" data-end=\"3432\">Je\u017celi na stronie wykorzystywane s\u0105 narz\u0119dzia dostawc\u00f3w maj\u0105cych serwery poza EOG (np. Google LLC, Meta Platforms \u2013 w zwi\u0105zku z narz\u0119dziami analitycznymi lub marketingowymi), dane mog\u0105 by\u0107 przekazywane do pa\u0144stw trzecich. W takim przypadku stosowane s\u0105 odpowiednie zabezpieczenia przewidziane przez przepisy prawa (m.in. standardowe klauzule umowne zatwierdzone przez Komisj\u0119 Europejsk\u0105).<\/p><h3 data-start=\"3434\" data-end=\"3468\">6. Okres przechowywania danych<\/h3><p data-start=\"3470\" data-end=\"3518\">Twoje dane osobowe b\u0119d\u0105 przetwarzane przez czas:<\/p><ul data-start=\"3520\" data-end=\"3849\"><li data-start=\"3520\" data-end=\"3591\"><p data-start=\"3522\" data-end=\"3591\">niezb\u0119dny do obs\u0142ugi zapytania lub rezerwacji oraz realizacji pobytu,<\/p><\/li><li data-start=\"3592\" data-end=\"3679\"><p data-start=\"3594\" data-end=\"3679\">nast\u0119pnie przez okres przedawnienia ewentualnych roszcze\u0144 zwi\u0105zanych z zawart\u0105 umow\u0105,<\/p><\/li><li data-start=\"3680\" data-end=\"3784\"><p data-start=\"3682\" data-end=\"3784\">dane zawarte w dokumentach ksi\u0119gowych \u2013 przez okres wymagany przez przepisy prawa (co najmniej 5 lat),<\/p><\/li><li data-start=\"3785\" data-end=\"3849\"><p data-start=\"3787\" data-end=\"3849\">dane przetwarzane na podstawie zgody \u2013 do czasu jej cofni\u0119cia.<\/p><\/li><\/ul><p data-start=\"3851\" data-end=\"3909\">Po up\u0142ywie tych okres\u00f3w dane s\u0105 usuwane lub anonimizowane.<\/p><h3 data-start=\"3911\" data-end=\"3929\">7. Twoje prawa<\/h3><p data-start=\"3931\" data-end=\"4008\">W zwi\u0105zku z przetwarzaniem danych osobowych przys\u0142uguj\u0105 Ci nast\u0119puj\u0105ce prawa:<\/p><ul data-start=\"4010\" data-end=\"4513\"><li data-start=\"4010\" data-end=\"4036\"><p data-start=\"4012\" data-end=\"4036\">prawo dost\u0119pu do danych,<\/p><\/li><li data-start=\"4037\" data-end=\"4079\"><p data-start=\"4039\" data-end=\"4079\">prawo do ich sprostowania (poprawienia),<\/p><\/li><li data-start=\"4080\" data-end=\"4139\"><p data-start=\"4082\" data-end=\"4139\">prawo do usuni\u0119cia danych (\u201eprawo do bycia zapomnianym\u201d),<\/p><\/li><li data-start=\"4140\" data-end=\"4178\"><p data-start=\"4142\" data-end=\"4178\">prawo do ograniczenia przetwarzania,<\/p><\/li><li data-start=\"4179\" data-end=\"4210\"><p data-start=\"4181\" data-end=\"4210\">prawo do przenoszenia danych,<\/p><\/li><li data-start=\"4211\" data-end=\"4320\"><p data-start=\"4213\" data-end=\"4320\">prawo do wniesienia sprzeciwu wobec przetwarzania danych opartego na uzasadnionym interesie Administratora,<\/p><\/li><li data-start=\"4321\" data-end=\"4513\"><p data-start=\"4323\" data-end=\"4513\">prawo do cofni\u0119cia zgody na przetwarzanie danych w dowolnym momencie (je\u017celi przetwarzanie odbywa si\u0119 na jej podstawie), bez wp\u0142ywu na zgodno\u015b\u0107 z prawem przetwarzania przed cofni\u0119ciem zgody.<\/p><\/li><\/ul><p data-start=\"4515\" data-end=\"4620\">Masz r\u00f3wnie\u017c prawo wniesienia skargi do organu nadzorczego \u2013 <strong data-start=\"4576\" data-end=\"4619\">Prezesa Urz\u0119du Ochrony Danych Osobowych<\/strong>.<\/p><h3 data-start=\"4622\" data-end=\"4656\">8. Dobrowolno\u015b\u0107 podania danych<\/h3><p data-start=\"4658\" data-end=\"4707\">Podanie danych osobowych jest dobrowolne, jednak:<\/p><ul data-start=\"4709\" data-end=\"4898\"><li data-start=\"4709\" data-end=\"4770\"><p data-start=\"4711\" data-end=\"4770\">jest niezb\u0119dne do udzielenia odpowiedzi na Twoje zapytanie,<\/p><\/li><li data-start=\"4771\" data-end=\"4822\"><p data-start=\"4773\" data-end=\"4822\">jest konieczne do dokonania i obs\u0142ugi rezerwacji,<\/p><\/li><li data-start=\"4823\" data-end=\"4898\"><p data-start=\"4825\" data-end=\"4898\">brak podania danych mo\u017ce uniemo\u017cliwi\u0107 zawarcie umowy i realizacj\u0119 pobytu.<\/p><\/li><\/ul><h3 data-start=\"4900\" data-end=\"4920\">9. Pliki cookies<\/h3><p data-start=\"4922\" data-end=\"5120\">Strona internetowa <strong data-start=\"4941\" data-end=\"4963\">wislanskadolina.pl<\/strong> korzysta z plik\u00f3w cookies (tzw. \u201eciasteczka\u201d), czyli niewielkich plik\u00f3w tekstowych zapisywanych w pami\u0119ci Twojego urz\u0105dzenia (komputera, telefonu, tabletu).<\/p><p data-start=\"5122\" data-end=\"5177\">Cookies mog\u0105 by\u0107 wykorzystywane w nast\u0119puj\u0105cych celach:<\/p><ul data-start=\"5179\" data-end=\"5551\"><li data-start=\"5179\" data-end=\"5271\"><p data-start=\"5181\" data-end=\"5271\">zapewnienie prawid\u0142owego dzia\u0142ania strony i jej podstawowych funkcji (cookies techniczne),<\/p><\/li><li data-start=\"5272\" data-end=\"5393\"><p data-start=\"5274\" data-end=\"5393\">tworzenie anonimowych statystyk odwiedzin i analizy sposobu korzystania ze strony (cookies statystyczne \/ analityczne),<\/p><\/li><li data-start=\"5394\" data-end=\"5551\"><p data-start=\"5396\" data-end=\"5551\">[opcjonalnie \u2013 je\u015bli u\u017cywasz] prowadzenie dzia\u0142a\u0144 marketingowych (cookies marketingowe, np. zwi\u0105zane z wy\u015bwietlaniem reklam dopasowanych do zainteresowa\u0144).<\/p><\/li><\/ul><p data-start=\"5553\" data-end=\"5776\">Podczas pierwszej wizyty na stronie wy\u015bwietlany jest komunikat dotycz\u0105cy korzystania z cookies. Mo\u017cesz samodzielnie zmieni\u0107 ustawienia cookies w swojej przegl\u0105darce internetowej \u2013 masz mo\u017cliwo\u015b\u0107 ich blokowania lub usuwania.<\/p><p data-start=\"5778\" data-end=\"5878\">Informacje o zarz\u0105dzaniu plikami cookies znajdziesz w ustawieniach swojej przegl\u0105darki internetowej.<\/p><h3 data-start=\"5880\" data-end=\"5900\">10. Logi serwera<\/h3><p data-start=\"5902\" data-end=\"6080\">Korzystanie ze strony wi\u0105\u017ce si\u0119 z przesy\u0142aniem zapyta\u0144 do serwera, na kt\u00f3rym jest ona przechowywana. Ka\u017cde zapytanie jest zapisywane w tzw. logach serwera i mo\u017ce obejmowa\u0107 m.in.:<\/p><ul data-start=\"6082\" data-end=\"6181\"><li data-start=\"6082\" data-end=\"6093\"><p data-start=\"6084\" data-end=\"6093\">adres IP,<\/p><\/li><li data-start=\"6094\" data-end=\"6116\"><p data-start=\"6096\" data-end=\"6116\">dat\u0119 i czas serwera,<\/p><\/li><li data-start=\"6117\" data-end=\"6181\"><p data-start=\"6119\" data-end=\"6181\">informacje o przegl\u0105darce internetowej i systemie operacyjnym.<\/p><\/li><\/ul><p data-start=\"6183\" data-end=\"6309\">Dane w logach serwera maj\u0105 charakter pomocniczy w administrowaniu stron\u0105 i nie s\u0105 wykorzystywane do identyfikacji u\u017cytkownika.<\/p><h3 data-start=\"6311\" data-end=\"6353\">11. Kontakt w sprawie danych osobowych<\/h3><p data-start=\"6355\" data-end=\"6453\">W sprawach zwi\u0105zanych z przetwarzaniem danych osobowych mo\u017cesz skontaktowa\u0107 si\u0119 z Administratorem:<\/p><ul data-start=\"6455\" data-end=\"6533\"><li data-start=\"6455\" data-end=\"6489\"><p data-start=\"6457\" data-end=\"6489\">telefonicznie: <strong data-start=\"6472\" data-end=\"6487\">504 504 027<\/strong><\/p><\/li><li data-start=\"6490\" data-end=\"6533\"><p data-start=\"6492\" data-end=\"6533\">e-mailowo: <strong data-start=\"6503\" data-end=\"6533\"><a class=\"decorated-link cursor-pointer\" rel=\"noopener\" data-start=\"6505\" data-end=\"6531\">kontakt@wislanskadolina.pl<\/a><\/strong><\/p><\/li><\/ul>\t\t\t\t\t\t\t\t<\/div>\n\t\t\t\t\t<\/div>\n\t\t\t\t<\/div>\n\t\t\t\t<\/div>\n\t\t","protected":false},"excerpt":{"rendered":"<p>Polityka prywatno\u015bci i plik\u00f3w cookies serwisu \u201eWi\u015bla\u0144ska Dolina\u201d 1. Administrator danych Administratorem Twoich danych osobowych jest w\u0142a\u015bciciel obiektu \u201eWi\u015bla\u0144ska Dolina\u201d (dalej: Administrator), kontakt: telefon: 665 323 996 e-mail: kontakt@wislanskadolina.pl adres obiektu \/ korespondencyjny: ul. Wyzwolenia 39, 43-460 Wis\u0142a 2. Zakres przetwarzanych danych i spos\u00f3b ich pozyskiwania Twoje dane osobowe mog\u0105 by\u0107 przetwarzane w zwi\u0105zku z: [&hellip;]<\/p>\n","protected":false},"author":1,"featured_media":0,"parent":0,"menu_order":0,"comment_status":"closed","ping_status":"closed","template":"","meta":{"footnotes":""},"class_list":["post-3065","page","type-page","status-publish","hentry","post-no-thumbnail"],"yoast_head":"<!-- This site is optimized with the Yoast SEO Premium plugin v26.9 (Yoast SEO v26.9) - https:\/\/yoast.com\/product\/yoast-seo-premium-wordpress\/ -->\n<title>Polityka prywatno\u015bci - Domki ca\u0142oroczne na wynajem<\/title>\n<meta name=\"robots\" content=\"index, follow, max-snippet:-1, max-image-preview:large, max-video-preview:-1\" \/>\n<link rel=\"canonical\" href=\"https:\/\/wislanskadolina.pl\/en\/polityka-prywatnosci-2\/\" \/>\n<meta property=\"og:locale\" content=\"en_GB\" \/>\n<meta property=\"og:type\" content=\"article\" \/>\n<meta property=\"og:title\" content=\"Polityka prywatno\u015bci\" \/>\n<meta property=\"og:description\" content=\"Polityka prywatno\u015bci i plik\u00f3w cookies serwisu \u201eWi\u015bla\u0144ska Dolina\u201d 1. Administrator danych Administratorem Twoich danych osobowych jest w\u0142a\u015bciciel obiektu \u201eWi\u015bla\u0144ska Dolina\u201d (dalej: Administrator), kontakt: telefon: 665 323 996 e-mail: kontakt@wislanskadolina.pl adres obiektu \/ korespondencyjny: ul. Wyzwolenia 39, 43-460 Wis\u0142a 2. Zakres przetwarzanych danych i spos\u00f3b ich pozyskiwania Twoje dane osobowe mog\u0105 by\u0107 przetwarzane w zwi\u0105zku z: [&hellip;]\" \/>\n<meta property=\"og:url\" content=\"https:\/\/wislanskadolina.pl\/en\/polityka-prywatnosci-2\/\" \/>\n<meta property=\"og:site_name\" content=\"Domki ca\u0142oroczne na wynajem\" \/>\n<meta property=\"article:modified_time\" content=\"2025-11-21T08:16:44+00:00\" \/>\n<meta property=\"og:image\" content=\"https:\/\/wislanskadolina.pl\/wp-content\/uploads\/2025\/10\/cropped-3@4x.png\" \/>\n\t<meta property=\"og:image:width\" content=\"512\" \/>\n\t<meta property=\"og:image:height\" content=\"512\" \/>\n\t<meta property=\"og:image:type\" content=\"image\/png\" \/>\n<meta name=\"twitter:card\" content=\"summary_large_image\" \/>\n<meta name=\"twitter:label1\" content=\"Estimated reading time\" \/>\n\t<meta name=\"twitter:data1\" content=\"4 minutes\" \/>\n<script type=\"application\/ld+json\" class=\"yoast-schema-graph\">{\"@context\":\"https:\/\/schema.org\",\"@graph\":[{\"@type\":\"WebPage\",\"@id\":\"https:\/\/wislanskadolina.pl\/polityka-prywatnosci-2\/\",\"url\":\"https:\/\/wislanskadolina.pl\/polityka-prywatnosci-2\/\",\"name\":\"Polityka prywatno\u015bci - Domki ca\u0142oroczne na wynajem\",\"isPartOf\":{\"@id\":\"https:\/\/wislanskadolina.pl\/#website\"},\"datePublished\":\"2024-01-16T02:12:12+00:00\",\"dateModified\":\"2025-11-21T08:16:44+00:00\",\"breadcrumb\":{\"@id\":\"https:\/\/wislanskadolina.pl\/polityka-prywatnosci-2\/#breadcrumb\"},\"inLanguage\":\"en-GB\",\"potentialAction\":[{\"@type\":\"ReadAction\",\"target\":[\"https:\/\/wislanskadolina.pl\/polityka-prywatnosci-2\/\"]}]},{\"@type\":\"BreadcrumbList\",\"@id\":\"https:\/\/wislanskadolina.pl\/polityka-prywatnosci-2\/#breadcrumb\",\"itemListElement\":[{\"@type\":\"ListItem\",\"position\":1,\"name\":\"Strona g\u0142\u00f3wna\",\"item\":\"https:\/\/wislanskadolina.pl\/\"},{\"@type\":\"ListItem\",\"position\":2,\"name\":\"Polityka prywatno\u015bci\"}]},{\"@type\":\"WebSite\",\"@id\":\"https:\/\/wislanskadolina.pl\/#website\",\"url\":\"https:\/\/wislanskadolina.pl\/\",\"name\":\"Domki ca\u0142oroczne na wynajem\",\"description\":\"Wi\u015bla\u0144ska Dolina\",\"publisher\":{\"@id\":\"https:\/\/wislanskadolina.pl\/#organization\"},\"alternateName\":\"Domki w Wi\u015ble \u2013 Wi\u015bla\u0144ska Dolina\",\"potentialAction\":[{\"@type\":\"SearchAction\",\"target\":{\"@type\":\"EntryPoint\",\"urlTemplate\":\"https:\/\/wislanskadolina.pl\/?s={search_term_string}\"},\"query-input\":{\"@type\":\"PropertyValueSpecification\",\"valueRequired\":true,\"valueName\":\"search_term_string\"}}],\"inLanguage\":\"en-GB\"},{\"@type\":\"Organization\",\"@id\":\"https:\/\/wislanskadolina.pl\/#organization\",\"name\":\"Wi\u015bla\u0144ska Dolina\",\"url\":\"https:\/\/wislanskadolina.pl\/\",\"logo\":{\"@type\":\"ImageObject\",\"inLanguage\":\"en-GB\",\"@id\":\"https:\/\/wislanskadolina.pl\/#\/schema\/logo\/image\/\",\"url\":\"https:\/\/wislanskadolina.pl\/wp-content\/uploads\/2025\/10\/cropped-3@4x.png\",\"contentUrl\":\"https:\/\/wislanskadolina.pl\/wp-content\/uploads\/2025\/10\/cropped-3@4x.png\",\"width\":512,\"height\":512,\"caption\":\"Wi\u015bla\u0144ska Dolina\"},\"image\":{\"@id\":\"https:\/\/wislanskadolina.pl\/#\/schema\/logo\/image\/\"},\"description\":\"Wi\u015bla\u0144ska Dolina to komfortowe domki ca\u0142oroczne w Wi\u015ble (Nowa Osada). Oferujemy prywatn\u0105 bali\u0119 i saun\u0119, idealne warunki dla rodzin i grup na weekendy oraz d\u0142u\u017csze pobyty. Rezerwacje telefoniczne i online.\",\"email\":\"kontakt@wislanskadolina.pl\",\"telephone\":\"665323996\"}]}<\/script>\n<!-- \/ Yoast SEO Premium plugin. -->","yoast_head_json":{"title":"Polityka prywatno\u015bci - Domki ca\u0142oroczne na wynajem","robots":{"index":"index","follow":"follow","max-snippet":"max-snippet:-1","max-image-preview":"max-image-preview:large","max-video-preview":"max-video-preview:-1"},"canonical":"https:\/\/wislanskadolina.pl\/en\/polityka-prywatnosci-2\/","og_locale":"en_GB","og_type":"article","og_title":"Polityka prywatno\u015bci","og_description":"Polityka prywatno\u015bci i plik\u00f3w cookies serwisu \u201eWi\u015bla\u0144ska Dolina\u201d 1. Administrator danych Administratorem Twoich danych osobowych jest w\u0142a\u015bciciel obiektu \u201eWi\u015bla\u0144ska Dolina\u201d (dalej: Administrator), kontakt: telefon: 665 323 996 e-mail: kontakt@wislanskadolina.pl adres obiektu \/ korespondencyjny: ul. Wyzwolenia 39, 43-460 Wis\u0142a 2. Zakres przetwarzanych danych i spos\u00f3b ich pozyskiwania Twoje dane osobowe mog\u0105 by\u0107 przetwarzane w zwi\u0105zku z: [&hellip;]","og_url":"https:\/\/wislanskadolina.pl\/en\/polityka-prywatnosci-2\/","og_site_name":"Domki ca\u0142oroczne na wynajem","article_modified_time":"2025-11-21T08:16:44+00:00","og_image":[{"width":512,"height":512,"url":"https:\/\/wislanskadolina.pl\/wp-content\/uploads\/2025\/10\/cropped-3@4x.png","type":"image\/png"}],"twitter_card":"summary_large_image","twitter_misc":{"Estimated reading time":"4 minutes"},"schema":{"@context":"https:\/\/schema.org","@graph":[{"@type":"WebPage","@id":"https:\/\/wislanskadolina.pl\/polityka-prywatnosci-2\/","url":"https:\/\/wislanskadolina.pl\/polityka-prywatnosci-2\/","name":"Polityka prywatno\u015bci - Domki ca\u0142oroczne na wynajem","isPartOf":{"@id":"https:\/\/wislanskadolina.pl\/#website"},"datePublished":"2024-01-16T02:12:12+00:00","dateModified":"2025-11-21T08:16:44+00:00","breadcrumb":{"@id":"https:\/\/wislanskadolina.pl\/polityka-prywatnosci-2\/#breadcrumb"},"inLanguage":"en-GB","potentialAction":[{"@type":"ReadAction","target":["https:\/\/wislanskadolina.pl\/polityka-prywatnosci-2\/"]}]},{"@type":"BreadcrumbList","@id":"https:\/\/wislanskadolina.pl\/polityka-prywatnosci-2\/#breadcrumb","itemListElement":[{"@type":"ListItem","position":1,"name":"Strona g\u0142\u00f3wna","item":"https:\/\/wislanskadolina.pl\/"},{"@type":"ListItem","position":2,"name":"Polityka prywatno\u015bci"}]},{"@type":"WebSite","@id":"https:\/\/wislanskadolina.pl\/#website","url":"https:\/\/wislanskadolina.pl\/","name":"Year-round cottages for rent","description":"Vistula Valley","publisher":{"@id":"https:\/\/wislanskadolina.pl\/#organization"},"alternateName":"Domki w Wi\u015ble \u2013 Wi\u015bla\u0144ska Dolina","potentialAction":[{"@type":"SearchAction","target":{"@type":"EntryPoint","urlTemplate":"https:\/\/wislanskadolina.pl\/?s={search_term_string}"},"query-input":{"@type":"PropertyValueSpecification","valueRequired":true,"valueName":"search_term_string"}}],"inLanguage":"en-GB"},{"@type":"Organization","@id":"https:\/\/wislanskadolina.pl\/#organization","name":"Vistula Valley","url":"https:\/\/wislanskadolina.pl\/","logo":{"@type":"ImageObject","inLanguage":"en-GB","@id":"https:\/\/wislanskadolina.pl\/#\/schema\/logo\/image\/","url":"https:\/\/wislanskadolina.pl\/wp-content\/uploads\/2025\/10\/cropped-3@4x.png","contentUrl":"https:\/\/wislanskadolina.pl\/wp-content\/uploads\/2025\/10\/cropped-3@4x.png","width":512,"height":512,"caption":"Wi\u015bla\u0144ska Dolina"},"image":{"@id":"https:\/\/wislanskadolina.pl\/#\/schema\/logo\/image\/"},"description":"Wi\u015bla\u0144ska Dolina to komfortowe domki ca\u0142oroczne w Wi\u015ble (Nowa Osada). Oferujemy prywatn\u0105 bali\u0119 i saun\u0119, idealne warunki dla rodzin i grup na weekendy oraz d\u0142u\u017csze pobyty. Rezerwacje telefoniczne i online.","email":"kontakt@wislanskadolina.pl","telephone":"665323996"}]}},"_links":{"self":[{"href":"https:\/\/wislanskadolina.pl\/en\/wp-json\/wp\/v2\/pages\/3065","targetHints":{"allow":["GET"]}}],"collection":[{"href":"https:\/\/wislanskadolina.pl\/en\/wp-json\/wp\/v2\/pages"}],"about":[{"href":"https:\/\/wislanskadolina.pl\/en\/wp-json\/wp\/v2\/types\/page"}],"author":[{"embeddable":true,"href":"https:\/\/wislanskadolina.pl\/en\/wp-json\/wp\/v2\/users\/1"}],"replies":[{"embeddable":true,"href":"https:\/\/wislanskadolina.pl\/en\/wp-json\/wp\/v2\/comments?post=3065"}],"version-history":[{"count":14,"href":"https:\/\/wislanskadolina.pl\/en\/wp-json\/wp\/v2\/pages\/3065\/revisions"}],"predecessor-version":[{"id":5148,"href":"https:\/\/wislanskadolina.pl\/en\/wp-json\/wp\/v2\/pages\/3065\/revisions\/5148"}],"wp:attachment":[{"href":"https:\/\/wislanskadolina.pl\/en\/wp-json\/wp\/v2\/media?parent=3065"}],"curies":[{"name":"wp","href":"https:\/\/api.w.org\/{rel}","templated":true}]}}