{"id":3328,"date":"2024-01-18T06:36:14","date_gmt":"2024-01-18T06:36:14","guid":{"rendered":"https:\/\/pura.uxper.co\/forest-lodge\/?page_id=3328"},"modified":"2025-11-18T22:28:03","modified_gmt":"2025-11-18T21:28:03","slug":"o-wislanskiej-dolinie","status":"publish","type":"page","link":"https:\/\/wislanskadolina.pl\/en\/o-wislanskiej-dolinie\/","title":{"rendered":"about the Vistula Valley"},"content":{"rendered":"<div data-elementor-type=\"wp-page\" data-elementor-id=\"3328\" class=\"elementor elementor-3328\">\n\t\t\t\t<div class=\"elementor-element elementor-element-74bc313b e-con-full e-flex e-con e-parent\" data-id=\"74bc313b\" data-element_type=\"container\" data-e-type=\"container\" data-settings=\"{&quot;background_background&quot;:&quot;classic&quot;}\">\n\t\t\t\t<div class=\"elementor-element elementor-element-2dbb8733 elementor-widget elementor-widget-heading\" data-id=\"2dbb8733\" data-element_type=\"widget\" data-e-type=\"widget\" data-widget_type=\"heading.default\">\n\t\t\t\t\t<h2 class=\"elementor-heading-title elementor-size-default\">about the Vistula Valley<\/h2>\t\t\t\t<\/div>\n\t\t\t\t<\/div>\n\t\t<div class=\"elementor-element elementor-element-2a691dc4 e-flex e-con-boxed e-con e-parent\" data-id=\"2a691dc4\" data-element_type=\"container\" data-e-type=\"container\">\n\t\t\t\t\t<div class=\"e-con-inner\">\n\t\t\t\t<div class=\"elementor-element elementor-element-28e337e elementor-widget elementor-widget-uxper-timeline-01\" data-id=\"28e337e\" data-element_type=\"widget\" data-e-type=\"widget\" data-widget_type=\"uxper-timeline-01.default\">\n\t\t\t\t<div class=\"elementor-widget-container\">\n\t\t\t\t\t\t\t<div class=\"ue-timeline-01\">\r\n\t\t\t<div class=\"inner\">\r\n\t\t\t\t<div class=\"list\">\r\n\t\t\t\t\t<div class=\"default-line\"><\/div>\r\n\t\t\t\t\t<div class=\"draw-line\"><\/div>\r\n\t\t\t\t\t\t\t\t\t\t\t<div class=\"item is-active\">\r\n\t\t\t\t\t\t\t\t\t\t\t\t\t\t\t<div class=\"image\">\r\n\t\t\t\t\t\t\t\t\t<img decoding=\"async\"  src=\"https:\/\/wislanskadolina.pl\/wp-content\/uploads\/2025\/11\/DJI_0180-min_10.jpg\" alt=\"DJI_0180-min_10\" \/>\t\t\t\t\t\t\t\t<\/div>\r\n\t\t\t\t\t\t\t\t\t\t\t\t\t\t<div class=\"number\"><span>2023<\/span><\/div>\t\t\t\t\t\t\t<div class=\"content\">\r\n\t\t\t\t\t\t\t\t<h4 class=\"title\">The start of the adventure<\/h4><div class=\"text\"><p>This year marked the beginning of the Wis\u0142a Valley adventure. This is where everything changed completely.<\/p><\/div>\t\t\t\t\t\t\t<\/div>\r\n\t\t\t\t\t\t<\/div>\r\n\t\t\t\t\t\t\t\t\t\t\t<div class=\"item\">\r\n\t\t\t\t\t\t\t\t\t\t\t\t\t\t\t<div class=\"image\">\r\n\t\t\t\t\t\t\t\t\t<img decoding=\"async\"  src=\"https:\/\/wislanskadolina.pl\/wp-content\/uploads\/2025\/11\/DJI_0219_10.jpg\" alt=\"Ogr\u00f3d zim\u0105 Wi\u015bla\u0144ska Dolina\" \/>\t\t\t\t\t\t\t\t<\/div>\r\n\t\t\t\t\t\t\t\t\t\t\t\t\t\t<div class=\"number\"><span>2024<\/span><\/div>\t\t\t\t\t\t\t<div class=\"content\">\r\n\t\t\t\t\t\t\t\t<h4 class=\"title\">The first guests<\/h4><div class=\"text\"><p>This year has shown us how many guests were satisfied with our fresh cottages. Hundreds of positive smiles.<\/p><\/div>\t\t\t\t\t\t\t<\/div>\r\n\t\t\t\t\t\t<\/div>\r\n\t\t\t\t\t\t\t\t\t\t\t<div class=\"item\">\r\n\t\t\t\t\t\t\t\t\t\t\t\t\t\t\t<div class=\"image\">\r\n\t\t\t\t\t\t\t\t\t<img decoding=\"async\"  src=\"https:\/\/wislanskadolina.pl\/wp-content\/uploads\/2025\/11\/DJI_0227_10.jpg\" alt=\"Parking zim\u0105 w Wi\u015bla\u0144skiej Dolinie\" \/>\t\t\t\t\t\t\t\t<\/div>\r\n\t\t\t\t\t\t\t\t\t\t\t\t\t\t<div class=\"number\"><span>2025<\/span><\/div>\t\t\t\t\t\t\t<div class=\"content\">\r\n\t\t\t\t\t\t\t\t<h4 class=\"title\">The year of comebacks<\/h4><div class=\"text\"><p>In 2025, we are increasingly welcoming familiar faces \u2013 people who are returning to us once again. This is the greatest compliment for us. The Vistula Valley has become a place for meetings, family trips and relaxation away from the hustle and bustle of everyday life.<\/p><\/div>\t\t\t\t\t\t\t<\/div>\r\n\t\t\t\t\t\t<\/div>\r\n\t\t\t\t\t\t\t\t\t<\/div>\r\n\t\t\t\t\t\t\t<\/div>\r\n\t\t<\/div>\r\n\t\t\t\t<\/div>\n\t\t\t\t<\/div>\n\t\t\t\t\t<\/div>\n\t\t\t\t<\/div>\n\t\t<div class=\"elementor-element elementor-element-1ff44e4b e-flex e-con-boxed e-con e-parent\" data-id=\"1ff44e4b\" data-element_type=\"container\" data-e-type=\"container\" data-settings=\"{&quot;background_background&quot;:&quot;classic&quot;}\">\n\t\t\t\t\t<div class=\"e-con-inner\">\n\t\t<div class=\"elementor-element elementor-element-61bcabe0 e-con-full e-flex e-con e-child\" data-id=\"61bcabe0\" data-element_type=\"container\" data-e-type=\"container\">\n\t\t\t\t<div class=\"elementor-element elementor-element-106bc00f animated-fast elementor-invisible elementor-widget elementor-widget-counter\" data-id=\"106bc00f\" data-element_type=\"widget\" data-e-type=\"widget\" data-settings=\"{&quot;_animation&quot;:&quot;uxperFadeInUp&quot;}\" data-widget_type=\"counter.default\">\n\t\t\t\t\t\t\t<div class=\"elementor-counter\">\n\t\t\t<div class=\"elementor-counter-title\">Guests<\/div>\t\t\t<div class=\"elementor-counter-number-wrapper\">\n\t\t\t\t<span class=\"elementor-counter-number-prefix\"><\/span>\n\t\t\t\t<span class=\"elementor-counter-number\" data-duration=\"2000\" data-to-value=\"1\" data-from-value=\"0\" data-delimiter=\",\">0<\/span>\n\t\t\t\t<span class=\"elementor-counter-number-suffix\">K<\/span>\n\t\t\t<\/div>\n\t\t<\/div>\n\t\t\t\t\t\t<\/div>\n\t\t\t\t<\/div>\n\t\t<div class=\"elementor-element elementor-element-7c1c36be e-con-full e-flex e-con e-child\" data-id=\"7c1c36be\" data-element_type=\"container\" data-e-type=\"container\">\n\t\t\t\t<div class=\"elementor-element elementor-element-1bea5839 animated-fast elementor-invisible elementor-widget elementor-widget-counter\" data-id=\"1bea5839\" data-element_type=\"widget\" data-e-type=\"widget\" data-settings=\"{&quot;_animation&quot;:&quot;uxperFadeInUp&quot;,&quot;_animation_delay&quot;:300}\" data-widget_type=\"counter.default\">\n\t\t\t\t\t\t\t<div class=\"elementor-counter\">\n\t\t\t<div class=\"elementor-counter-title\">Cottages<\/div>\t\t\t<div class=\"elementor-counter-number-wrapper\">\n\t\t\t\t<span class=\"elementor-counter-number-prefix\"><\/span>\n\t\t\t\t<span class=\"elementor-counter-number\" data-duration=\"2000\" data-to-value=\"3\" data-from-value=\"0\" data-delimiter=\",\">0<\/span>\n\t\t\t\t<span class=\"elementor-counter-number-suffix\"><\/span>\n\t\t\t<\/div>\n\t\t<\/div>\n\t\t\t\t\t\t<\/div>\n\t\t\t\t<\/div>\n\t\t<div class=\"elementor-element elementor-element-6da139a9 e-con-full e-flex e-con e-child\" data-id=\"6da139a9\" data-element_type=\"container\" data-e-type=\"container\">\n\t\t\t\t<div class=\"elementor-element elementor-element-4195a167 animated-fast elementor-invisible elementor-widget elementor-widget-counter\" data-id=\"4195a167\" data-element_type=\"widget\" data-e-type=\"widget\" data-settings=\"{&quot;_animation&quot;:&quot;uxperFadeInUp&quot;,&quot;_animation_delay&quot;:600}\" data-widget_type=\"counter.default\">\n\t\t\t\t\t\t\t<div class=\"elementor-counter\">\n\t\t\t<div class=\"elementor-counter-title\">Google reviews<\/div>\t\t\t<div class=\"elementor-counter-number-wrapper\">\n\t\t\t\t<span class=\"elementor-counter-number-prefix\"><\/span>\n\t\t\t\t<span class=\"elementor-counter-number\" data-duration=\"2000\" data-to-value=\"37\" data-from-value=\"0\" data-delimiter=\",\">0<\/span>\n\t\t\t\t<span class=\"elementor-counter-number-suffix\"><\/span>\n\t\t\t<\/div>\n\t\t<\/div>\n\t\t\t\t\t\t<\/div>\n\t\t\t\t<\/div>\n\t\t<div class=\"elementor-element elementor-element-411d50bf e-con-full e-flex e-con e-child\" data-id=\"411d50bf\" data-element_type=\"container\" data-e-type=\"container\">\n\t\t\t\t<div class=\"elementor-element elementor-element-a742453 animated-fast elementor-invisible elementor-widget elementor-widget-counter\" data-id=\"a742453\" data-element_type=\"widget\" data-e-type=\"widget\" data-settings=\"{&quot;_animation&quot;:&quot;uxperFadeInUp&quot;,&quot;_animation_delay&quot;:900}\" data-widget_type=\"counter.default\">\n\t\t\t\t\t\t\t<div class=\"elementor-counter\">\n\t\t\t<div class=\"elementor-counter-title\">Booking reviews<\/div>\t\t\t<div class=\"elementor-counter-number-wrapper\">\n\t\t\t\t<span class=\"elementor-counter-number-prefix\"><\/span>\n\t\t\t\t<span class=\"elementor-counter-number\" data-duration=\"2000\" data-to-value=\"6\" data-from-value=\"0\" data-delimiter=\",\">0<\/span>\n\t\t\t\t<span class=\"elementor-counter-number-suffix\"><\/span>\n\t\t\t<\/div>\n\t\t<\/div>\n\t\t\t\t\t\t<\/div>\n\t\t\t\t<\/div>\n\t\t\t\t\t<\/div>\n\t\t\t\t<\/div>\n\t\t<div class=\"elementor-element elementor-element-745a48ab e-flex e-con-boxed e-con e-parent\" data-id=\"745a48ab\" data-element_type=\"container\" data-e-type=\"container\">\n\t\t\t\t\t<div class=\"e-con-inner\">\n\t\t\t\t<div class=\"elementor-element elementor-element-30f22237 animated-fast elementor-invisible elementor-widget elementor-widget-uxper-accordion-01\" data-id=\"30f22237\" data-element_type=\"widget\" data-e-type=\"widget\" data-settings=\"{&quot;_animation&quot;:&quot;uxperFadeInUp&quot;}\" data-widget_type=\"uxper-accordion-01.default\">\n\t\t\t\t<div class=\"elementor-widget-container\">\n\t\t\t\t\t\t\t<div class=\"ue-accordion-01\">\r\n\t\t\t<div class=\"inner\">\r\n\t\t\t\t<div class=\"list\">\r\n\t\t\t\t\t\t\t\t\t\t\t<div class=\"item is-active\">\r\n\t\t\t\t\t\t\t<div class=\"content\">\r\n\t\t\t\t\t\t\t\t<div class=\"title\">A large terrace for each cottage<\/div><div class=\"text\"><\/div>\t\t\t\t\t\t\t<\/div>\r\n\t\t\t\t\t\t<\/div>\r\n\t\t\t\t\t\t\t\t\t\t\t<div class=\"item\">\r\n\t\t\t\t\t\t\t<div class=\"content\">\r\n\t\t\t\t\t\t\t\t<div class=\"title\">Large tub (also known as a jacuzzi or barrel)<\/div><div class=\"text\"><\/div>\t\t\t\t\t\t\t<\/div>\r\n\t\t\t\t\t\t<\/div>\r\n\t\t\t\t\t\t\t\t\t\t\t<div class=\"item\">\r\n\t\t\t\t\t\t\t<div class=\"content\">\r\n\t\t\t\t\t\t\t\t<div class=\"title\">Spacious sauna<\/div><div class=\"text\"><\/div>\t\t\t\t\t\t\t<\/div>\r\n\t\t\t\t\t\t<\/div>\r\n\t\t\t\t\t\t\t\t\t\t\t<div class=\"item\">\r\n\t\t\t\t\t\t\t<div class=\"content\">\r\n\t\t\t\t\t\t\t\t<div class=\"title\">Barbecue at every cottage<\/div><div class=\"text\"><\/div>\t\t\t\t\t\t\t<\/div>\r\n\t\t\t\t\t\t<\/div>\r\n\t\t\t\t\t\t\t\t\t<\/div>\r\n\t\t\t\t<div class=\"images\">\r\n\t\t\t\t\t\t\t\t\t\t\t<div class=\"item is-active item\">\r\n\t\t\t\t\t\t\t\t\t\t\t\t\t\t\t<div class=\"image\">\r\n\t\t\t\t\t\t\t\t\t<img decoding=\"async\"  src=\"https:\/\/wislanskadolina.pl\/wp-content\/uploads\/2025\/10\/Zdjecie-WhatsApp-2025-01-21-o-010458_2dfb7d6e_restored-Picsart-AiImageEnhancer-scaled.jpg\" alt=\"Wi\u015bla\u0144ska Dolina noc\u0105\" \/>\t\t\t\t\t\t\t\t<\/div>\r\n\t\t\t\t\t\t\t\t\t\t\t\t\t<\/div>\r\n\t\t\t\t\t\t\t\t\t\t\t<div class=\"item item\">\r\n\t\t\t\t\t\t\t\t\t\t\t\t\t\t\t<div class=\"image\">\r\n\t\t\t\t\t\t\t\t\t<img decoding=\"async\"  src=\"https:\/\/wislanskadolina.pl\/wp-content\/uploads\/2021\/06\/Zdjecie-WhatsApp-2025-01-07-o-17.21.02_a6057ea0.jpg\" alt=\"Sauna w obiekcie Wi\u015bla\u0144ska Dolina Wis\u0142a Nowa Osada\" \/>\t\t\t\t\t\t\t\t<\/div>\r\n\t\t\t\t\t\t\t\t\t\t\t\t\t<\/div>\r\n\t\t\t\t\t\t\t\t\t\t\t<div class=\"item item\">\r\n\t\t\t\t\t\t\t\t\t\t\t\t\t\t\t<div class=\"image\">\r\n\t\t\t\t\t\t\t\t\t<img decoding=\"async\"  src=\"https:\/\/wislanskadolina.pl\/wp-content\/uploads\/2021\/06\/IMG-20250107-WA0014.jpg\" alt=\"IMG-20250107-WA0014\" \/>\t\t\t\t\t\t\t\t<\/div>\r\n\t\t\t\t\t\t\t\t\t\t\t\t\t<\/div>\r\n\t\t\t\t\t\t\t\t\t\t\t<div class=\"item item\">\r\n\t\t\t\t\t\t\t\t\t\t\t\t\t\t\t<div class=\"image\">\r\n\t\t\t\t\t\t\t\t\t<img decoding=\"async\"  src=\"https:\/\/wislanskadolina.pl\/wp-content\/uploads\/2021\/06\/IMG-20250107-WA0020.jpg\" alt=\"Kuchnia w wolnym domku Wis\u0142a\" \/>\t\t\t\t\t\t\t\t<\/div>\r\n\t\t\t\t\t\t\t\t\t\t\t\t\t<\/div>\r\n\t\t\t\t\t\t\t\t\t<\/div>\r\n\t\t\t<\/div>\r\n\t\t<\/div>\r\n\t\t\t\t<\/div>\n\t\t\t\t<\/div>\n\t\t\t\t\t<\/div>\n\t\t\t\t<\/div>\n\t\t\t\t<\/div>","protected":false},"excerpt":{"rendered":"<p>o Wi\u015bla\u0144skiej Dolinie 2023 Start przygody W tym roku zosta\u0142a rozpocz\u0119ta przygoda Wi\u015bla\u0144skiej Doliny. To tutaj wszystko zmieni\u0142o si\u0119 o 180 stopni 2024 Pierwsi go\u015bcie Ten rok pokaza\u0142 nam ile go\u015bci by\u0142o zadowolonych z naszych \u015bwie\u017cych domk\u00f3w. Setki pozytywnych u\u015bmiech\u00f3w 2025 Rok powrot\u00f3w W 2025 roku coraz cz\u0119\u015bciej go\u015bcimy znajome twarze \u2013 osoby, kt\u00f3re wracaj\u0105 [&hellip;]<\/p>\n","protected":false},"author":1,"featured_media":0,"parent":0,"menu_order":0,"comment_status":"closed","ping_status":"closed","template":"elementor_header_footer","meta":{"footnotes":""},"class_list":["post-3328","page","type-page","status-publish","hentry","post-no-thumbnail"],"yoast_head":"<!-- This site is optimized with the Yoast SEO Premium plugin v26.9 (Yoast SEO v26.9) - https:\/\/yoast.com\/product\/yoast-seo-premium-wordpress\/ -->\n<title>o Wi\u015bla\u0144skiej Dolinie - Domki ca\u0142oroczne na wynajem<\/title>\n<meta name=\"robots\" content=\"index, follow, max-snippet:-1, max-image-preview:large, max-video-preview:-1\" \/>\n<link rel=\"canonical\" href=\"https:\/\/wislanskadolina.pl\/en\/o-wislanskiej-dolinie\/\" \/>\n<meta property=\"og:locale\" content=\"en_GB\" \/>\n<meta property=\"og:type\" content=\"article\" \/>\n<meta property=\"og:title\" content=\"o Wi\u015bla\u0144skiej Dolinie\" \/>\n<meta property=\"og:description\" content=\"o Wi\u015bla\u0144skiej Dolinie 2023 Start przygody W tym roku zosta\u0142a rozpocz\u0119ta przygoda Wi\u015bla\u0144skiej Doliny. To tutaj wszystko zmieni\u0142o si\u0119 o 180 stopni 2024 Pierwsi go\u015bcie Ten rok pokaza\u0142 nam ile go\u015bci by\u0142o zadowolonych z naszych \u015bwie\u017cych domk\u00f3w. Setki pozytywnych u\u015bmiech\u00f3w 2025 Rok powrot\u00f3w W 2025 roku coraz cz\u0119\u015bciej go\u015bcimy znajome twarze \u2013 osoby, kt\u00f3re wracaj\u0105 [&hellip;]\" \/>\n<meta property=\"og:url\" content=\"https:\/\/wislanskadolina.pl\/en\/o-wislanskiej-dolinie\/\" \/>\n<meta property=\"og:site_name\" content=\"Domki ca\u0142oroczne na wynajem\" \/>\n<meta property=\"article:modified_time\" content=\"2025-11-18T21:28:03+00:00\" \/>\n<meta property=\"og:image\" content=\"https:\/\/wislanskadolina.pl\/wp-content\/uploads\/2025\/11\/DJI_0180-min_10.jpg\" \/>\n<meta name=\"twitter:card\" content=\"summary_large_image\" \/>\n<meta name=\"twitter:label1\" content=\"Estimated reading time\" \/>\n\t<meta name=\"twitter:data1\" content=\"1 minute\" \/>\n<script type=\"application\/ld+json\" class=\"yoast-schema-graph\">{\"@context\":\"https:\/\/schema.org\",\"@graph\":[{\"@type\":\"WebPage\",\"@id\":\"https:\/\/wislanskadolina.pl\/o-wislanskiej-dolinie\/\",\"url\":\"https:\/\/wislanskadolina.pl\/o-wislanskiej-dolinie\/\",\"name\":\"o Wi\u015bla\u0144skiej Dolinie - Domki ca\u0142oroczne na wynajem\",\"isPartOf\":{\"@id\":\"https:\/\/wislanskadolina.pl\/#website\"},\"primaryImageOfPage\":{\"@id\":\"https:\/\/wislanskadolina.pl\/o-wislanskiej-dolinie\/#primaryimage\"},\"image\":{\"@id\":\"https:\/\/wislanskadolina.pl\/o-wislanskiej-dolinie\/#primaryimage\"},\"thumbnailUrl\":\"https:\/\/wislanskadolina.pl\/wp-content\/uploads\/2025\/11\/DJI_0180-min_10.jpg\",\"datePublished\":\"2024-01-18T06:36:14+00:00\",\"dateModified\":\"2025-11-18T21:28:03+00:00\",\"breadcrumb\":{\"@id\":\"https:\/\/wislanskadolina.pl\/o-wislanskiej-dolinie\/#breadcrumb\"},\"inLanguage\":\"en-GB\",\"potentialAction\":[{\"@type\":\"ReadAction\",\"target\":[\"https:\/\/wislanskadolina.pl\/o-wislanskiej-dolinie\/\"]}]},{\"@type\":\"ImageObject\",\"inLanguage\":\"en-GB\",\"@id\":\"https:\/\/wislanskadolina.pl\/o-wislanskiej-dolinie\/#primaryimage\",\"url\":\"https:\/\/wislanskadolina.pl\/wp-content\/uploads\/2025\/11\/DJI_0180-min_10.jpg\",\"contentUrl\":\"https:\/\/wislanskadolina.pl\/wp-content\/uploads\/2025\/11\/DJI_0180-min_10.jpg\"},{\"@type\":\"BreadcrumbList\",\"@id\":\"https:\/\/wislanskadolina.pl\/o-wislanskiej-dolinie\/#breadcrumb\",\"itemListElement\":[{\"@type\":\"ListItem\",\"position\":1,\"name\":\"Strona g\u0142\u00f3wna\",\"item\":\"https:\/\/wislanskadolina.pl\/\"},{\"@type\":\"ListItem\",\"position\":2,\"name\":\"o Wi\u015bla\u0144skiej Dolinie\"}]},{\"@type\":\"WebSite\",\"@id\":\"https:\/\/wislanskadolina.pl\/#website\",\"url\":\"https:\/\/wislanskadolina.pl\/\",\"name\":\"Domki ca\u0142oroczne na wynajem\",\"description\":\"Wi\u015bla\u0144ska Dolina\",\"publisher\":{\"@id\":\"https:\/\/wislanskadolina.pl\/#organization\"},\"alternateName\":\"Domki w Wi\u015ble \u2013 Wi\u015bla\u0144ska Dolina\",\"potentialAction\":[{\"@type\":\"SearchAction\",\"target\":{\"@type\":\"EntryPoint\",\"urlTemplate\":\"https:\/\/wislanskadolina.pl\/?s={search_term_string}\"},\"query-input\":{\"@type\":\"PropertyValueSpecification\",\"valueRequired\":true,\"valueName\":\"search_term_string\"}}],\"inLanguage\":\"en-GB\"},{\"@type\":\"Organization\",\"@id\":\"https:\/\/wislanskadolina.pl\/#organization\",\"name\":\"Wi\u015bla\u0144ska Dolina\",\"url\":\"https:\/\/wislanskadolina.pl\/\",\"logo\":{\"@type\":\"ImageObject\",\"inLanguage\":\"en-GB\",\"@id\":\"https:\/\/wislanskadolina.pl\/#\/schema\/logo\/image\/\",\"url\":\"https:\/\/wislanskadolina.pl\/wp-content\/uploads\/2025\/10\/cropped-3@4x.png\",\"contentUrl\":\"https:\/\/wislanskadolina.pl\/wp-content\/uploads\/2025\/10\/cropped-3@4x.png\",\"width\":512,\"height\":512,\"caption\":\"Wi\u015bla\u0144ska Dolina\"},\"image\":{\"@id\":\"https:\/\/wislanskadolina.pl\/#\/schema\/logo\/image\/\"},\"description\":\"Wi\u015bla\u0144ska Dolina to komfortowe domki ca\u0142oroczne w Wi\u015ble (Nowa Osada). Oferujemy prywatn\u0105 bali\u0119 i saun\u0119, idealne warunki dla rodzin i grup na weekendy oraz d\u0142u\u017csze pobyty. Rezerwacje telefoniczne i online.\",\"email\":\"kontakt@wislanskadolina.pl\",\"telephone\":\"665323996\"}]}<\/script>\n<!-- \/ Yoast SEO Premium plugin. -->","yoast_head_json":{"title":"o Wi\u015bla\u0144skiej Dolinie - Domki ca\u0142oroczne na wynajem","robots":{"index":"index","follow":"follow","max-snippet":"max-snippet:-1","max-image-preview":"max-image-preview:large","max-video-preview":"max-video-preview:-1"},"canonical":"https:\/\/wislanskadolina.pl\/en\/o-wislanskiej-dolinie\/","og_locale":"en_GB","og_type":"article","og_title":"o Wi\u015bla\u0144skiej Dolinie","og_description":"o Wi\u015bla\u0144skiej Dolinie 2023 Start przygody W tym roku zosta\u0142a rozpocz\u0119ta przygoda Wi\u015bla\u0144skiej Doliny. To tutaj wszystko zmieni\u0142o si\u0119 o 180 stopni 2024 Pierwsi go\u015bcie Ten rok pokaza\u0142 nam ile go\u015bci by\u0142o zadowolonych z naszych \u015bwie\u017cych domk\u00f3w. Setki pozytywnych u\u015bmiech\u00f3w 2025 Rok powrot\u00f3w W 2025 roku coraz cz\u0119\u015bciej go\u015bcimy znajome twarze \u2013 osoby, kt\u00f3re wracaj\u0105 [&hellip;]","og_url":"https:\/\/wislanskadolina.pl\/en\/o-wislanskiej-dolinie\/","og_site_name":"Domki ca\u0142oroczne na wynajem","article_modified_time":"2025-11-18T21:28:03+00:00","og_image":[{"url":"https:\/\/wislanskadolina.pl\/wp-content\/uploads\/2025\/11\/DJI_0180-min_10.jpg","type":"","width":"","height":""}],"twitter_card":"summary_large_image","twitter_misc":{"Estimated reading time":"1 minute"},"schema":{"@context":"https:\/\/schema.org","@graph":[{"@type":"WebPage","@id":"https:\/\/wislanskadolina.pl\/o-wislanskiej-dolinie\/","url":"https:\/\/wislanskadolina.pl\/o-wislanskiej-dolinie\/","name":"o Wi\u015bla\u0144skiej Dolinie - Domki ca\u0142oroczne na wynajem","isPartOf":{"@id":"https:\/\/wislanskadolina.pl\/#website"},"primaryImageOfPage":{"@id":"https:\/\/wislanskadolina.pl\/o-wislanskiej-dolinie\/#primaryimage"},"image":{"@id":"https:\/\/wislanskadolina.pl\/o-wislanskiej-dolinie\/#primaryimage"},"thumbnailUrl":"https:\/\/wislanskadolina.pl\/wp-content\/uploads\/2025\/11\/DJI_0180-min_10.jpg","datePublished":"2024-01-18T06:36:14+00:00","dateModified":"2025-11-18T21:28:03+00:00","breadcrumb":{"@id":"https:\/\/wislanskadolina.pl\/o-wislanskiej-dolinie\/#breadcrumb"},"inLanguage":"en-GB","potentialAction":[{"@type":"ReadAction","target":["https:\/\/wislanskadolina.pl\/o-wislanskiej-dolinie\/"]}]},{"@type":"ImageObject","inLanguage":"en-GB","@id":"https:\/\/wislanskadolina.pl\/o-wislanskiej-dolinie\/#primaryimage","url":"https:\/\/wislanskadolina.pl\/wp-content\/uploads\/2025\/11\/DJI_0180-min_10.jpg","contentUrl":"https:\/\/wislanskadolina.pl\/wp-content\/uploads\/2025\/11\/DJI_0180-min_10.jpg"},{"@type":"BreadcrumbList","@id":"https:\/\/wislanskadolina.pl\/o-wislanskiej-dolinie\/#breadcrumb","itemListElement":[{"@type":"ListItem","position":1,"name":"Strona g\u0142\u00f3wna","item":"https:\/\/wislanskadolina.pl\/"},{"@type":"ListItem","position":2,"name":"o Wi\u015bla\u0144skiej Dolinie"}]},{"@type":"WebSite","@id":"https:\/\/wislanskadolina.pl\/#website","url":"https:\/\/wislanskadolina.pl\/","name":"Year-round cottages for rent","description":"Vistula Valley","publisher":{"@id":"https:\/\/wislanskadolina.pl\/#organization"},"alternateName":"Domki w Wi\u015ble \u2013 Wi\u015bla\u0144ska Dolina","potentialAction":[{"@type":"SearchAction","target":{"@type":"EntryPoint","urlTemplate":"https:\/\/wislanskadolina.pl\/?s={search_term_string}"},"query-input":{"@type":"PropertyValueSpecification","valueRequired":true,"valueName":"search_term_string"}}],"inLanguage":"en-GB"},{"@type":"Organization","@id":"https:\/\/wislanskadolina.pl\/#organization","name":"Vistula Valley","url":"https:\/\/wislanskadolina.pl\/","logo":{"@type":"ImageObject","inLanguage":"en-GB","@id":"https:\/\/wislanskadolina.pl\/#\/schema\/logo\/image\/","url":"https:\/\/wislanskadolina.pl\/wp-content\/uploads\/2025\/10\/cropped-3@4x.png","contentUrl":"https:\/\/wislanskadolina.pl\/wp-content\/uploads\/2025\/10\/cropped-3@4x.png","width":512,"height":512,"caption":"Wi\u015bla\u0144ska Dolina"},"image":{"@id":"https:\/\/wislanskadolina.pl\/#\/schema\/logo\/image\/"},"description":"Wi\u015bla\u0144ska Dolina to komfortowe domki ca\u0142oroczne w Wi\u015ble (Nowa Osada). Oferujemy prywatn\u0105 bali\u0119 i saun\u0119, idealne warunki dla rodzin i grup na weekendy oraz d\u0142u\u017csze pobyty. Rezerwacje telefoniczne i online.","email":"kontakt@wislanskadolina.pl","telephone":"665323996"}]}},"_links":{"self":[{"href":"https:\/\/wislanskadolina.pl\/en\/wp-json\/wp\/v2\/pages\/3328","targetHints":{"allow":["GET"]}}],"collection":[{"href":"https:\/\/wislanskadolina.pl\/en\/wp-json\/wp\/v2\/pages"}],"about":[{"href":"https:\/\/wislanskadolina.pl\/en\/wp-json\/wp\/v2\/types\/page"}],"author":[{"embeddable":true,"href":"https:\/\/wislanskadolina.pl\/en\/wp-json\/wp\/v2\/users\/1"}],"replies":[{"embeddable":true,"href":"https:\/\/wislanskadolina.pl\/en\/wp-json\/wp\/v2\/comments?post=3328"}],"version-history":[{"count":9,"href":"https:\/\/wislanskadolina.pl\/en\/wp-json\/wp\/v2\/pages\/3328\/revisions"}],"predecessor-version":[{"id":5008,"href":"https:\/\/wislanskadolina.pl\/en\/wp-json\/wp\/v2\/pages\/3328\/revisions\/5008"}],"wp:attachment":[{"href":"https:\/\/wislanskadolina.pl\/en\/wp-json\/wp\/v2\/media?parent=3328"}],"curies":[{"name":"wp","href":"https:\/\/api.w.org\/{rel}","templated":true}]}}