{"id":4982,"date":"2025-11-18T21:21:20","date_gmt":"2025-11-18T20:21:20","guid":{"rendered":"https:\/\/wislanskadolina.pl\/?page_id=4982"},"modified":"2025-11-21T09:15:17","modified_gmt":"2025-11-21T08:15:17","slug":"zarezerwuj-domek","status":"publish","type":"page","link":"https:\/\/wislanskadolina.pl\/en\/zarezerwuj-domek\/","title":{"rendered":"Book a cottage"},"content":{"rendered":"<div data-elementor-type=\"wp-page\" data-elementor-id=\"4982\" class=\"elementor elementor-4982\">\n\t\t\t\t<div class=\"elementor-element elementor-element-7fb1698 e-flex e-con-boxed e-con e-parent\" data-id=\"7fb1698\" data-element_type=\"container\" data-e-type=\"container\">\n\t\t\t\t\t<div class=\"e-con-inner\">\n\t\t\t\t<div class=\"elementor-element elementor-element-e39fa83 elementor-widget elementor-widget-uxper-room-carousel-01\" data-id=\"e39fa83\" data-element_type=\"widget\" data-e-type=\"widget\" data-widget_type=\"uxper-room-carousel-01.default\">\n\t\t\t\t<div class=\"elementor-widget-container\">\n\t\t\t\t\t\t\t\t<div class=\"ue-room-carousel-01\">\r\n\t\t\t\t<div class=\"ue-swiper-slider swiper swiper-outer-items\" data-desktop-items=\"2\" data-tablet-items=\"1\" data-mobile-items=\"1\" data-desktop-space-between=\"30\" data-tablet-space-between=\"20\" data-mobile-space-between=\"10\" data-carousel-effect=\"slide\" data-carousel-pagination=\"no\" data-carousel-navigation=\"no\" data-carousel-navigation-image=\"no\" data-carousel-navigation-position=\"no\" data-carousel-pagination-layout=\"01\" data-carousel-pagination-position=\"01\" data-carousel-pagination-align=\"horizontal\" data-carousel-center=\"\" data-carousel-allow-touch-move=\"yes\" data-carousel-speed=\"1000\" data-carousel-autoplay=\"\" data-carousel-loop=\"\">\r\n\t\t\t\t\t<div class=\"swiper-wrapper\">\r\n\t\t\t\t\t\t\t\t\t\t\t\t\t<div class=\"swiper-slide\">\r\n\t\t\t\t\t\t\t\t<article class=\"room\">\r\n\t\t\t\t\t\t\t\t\t<div class=\"room-thumbnail\"><a href=\"https:\/\/wislanskadolina.pl\/en\/domek\/domek-nr-1\/\"><img decoding=\"async\" src=\"https:\/\/wislanskadolina.pl\/wp-content\/uploads\/2021\/06\/IMG-20250107-WA0012-570x450.jpg\" alt=\"Domek nr 1\" id=\"room-4837\"><\/a><\/div><div class=\"room-content\"><div class=\"room-inner\">    <div class=\"room-price\">\r\n        \r\n        <span class=\"regular-price\">\r\n            750PLN        <\/span>\r\n\r\n                    <span class=\"suffix-price\">\r\n                \/ Night            <\/span>\r\n            <\/div>\r\n<h3 class=\"room-title\"><a href=\"https:\/\/wislanskadolina.pl\/en\/domek\/domek-nr-1\/\">Cottage No. 1<\/a><\/h3><div class=\"room-meta\"><span class=\"room-item room-size\">58 m\u00b2<\/span><span class=\"room-item room-guest\">9 Guests<\/span><span class=\"room-item room-bed\">5 Beds<\/span><span class=\"room-item room-bathroom\">2 Bathrooms<\/span><\/div><\/div><\/div>\t\t\t\t\t\t\t\t<\/article>\r\n\t\t\t\t\t\t\t<\/div>\r\n\t\t\t\t\t\t\t\t\t\t\t\t\t<div class=\"swiper-slide\">\r\n\t\t\t\t\t\t\t\t<article class=\"room\">\r\n\t\t\t\t\t\t\t\t\t<div class=\"room-thumbnail\"><a href=\"https:\/\/wislanskadolina.pl\/en\/domek\/domek-nr-2\/\"><img decoding=\"async\" src=\"https:\/\/wislanskadolina.pl\/wp-content\/uploads\/2025\/10\/DJI_0219-1-1-570x450.jpg\" alt=\"Domek nr 2\" id=\"room-2485\"><\/a><\/div><div class=\"room-content\"><div class=\"room-inner\">    <div class=\"room-price\">\r\n        \r\n        <span class=\"regular-price\">\r\n            750PLN        <\/span>\r\n\r\n                    <span class=\"suffix-price\">\r\n                \/ Night            <\/span>\r\n            <\/div>\r\n<h3 class=\"room-title\"><a href=\"https:\/\/wislanskadolina.pl\/en\/domek\/domek-nr-2\/\">Cottage No. 2<\/a><\/h3><div class=\"room-meta\"><span class=\"room-item room-size\">58 m\u00b2<\/span><span class=\"room-item room-guest\">9 Guests<\/span><span class=\"room-item room-bed\">5 Beds<\/span><span class=\"room-item room-bathroom\">2 Bathrooms<\/span><\/div><\/div><\/div>\t\t\t\t\t\t\t\t<\/article>\r\n\t\t\t\t\t\t\t<\/div>\r\n\t\t\t\t\t\t\t\t\t\t\t<\/div>\r\n\t\t\t\t<\/div>\r\n\t\t\t<\/div>\r\n\t\t\t\t<\/div>\n\t\t\t\t<\/div>\n\t\t\t\t\t<\/div>\n\t\t\t\t<\/div>\n\t\t\t\t<\/div>","protected":false},"excerpt":{"rendered":"<p>850PLN \/ Noc Domek nr 1 58m\u00b29 Go\u015bcie5 \u0141\u00f3\u017cka2 \u0141azienki 850PLN \/ Noc Domek nr 2 58m\u00b29 Go\u015bcie5 \u0141\u00f3\u017cka2 \u0141azienki<\/p>","protected":false},"author":1,"featured_media":0,"parent":0,"menu_order":0,"comment_status":"closed","ping_status":"closed","template":"","meta":{"footnotes":""},"class_list":["post-4982","page","type-page","status-publish","hentry"],"yoast_head":"<!-- This site is optimized with the Yoast SEO Premium plugin v26.9 (Yoast SEO v26.9) - https:\/\/yoast.com\/product\/yoast-seo-premium-wordpress\/ -->\n<title>Zarezerwuj domek - Domki ca\u0142oroczne na wynajem<\/title>\n<meta name=\"robots\" content=\"index, follow, max-snippet:-1, max-image-preview:large, max-video-preview:-1\" \/>\n<link rel=\"canonical\" href=\"https:\/\/wislanskadolina.pl\/en\/zarezerwuj-domek\/\" \/>\n<meta property=\"og:locale\" content=\"en_GB\" \/>\n<meta property=\"og:type\" content=\"article\" \/>\n<meta property=\"og:title\" content=\"Zarezerwuj domek\" \/>\n<meta property=\"og:description\" content=\"850PLN \/ Noc Domek nr 1 58m\u00b29 Go\u015bcie5 \u0141\u00f3\u017cka2 \u0141azienki 850PLN \/ Noc Domek nr 2 58m\u00b29 Go\u015bcie5 \u0141\u00f3\u017cka2 \u0141azienki\" \/>\n<meta property=\"og:url\" content=\"https:\/\/wislanskadolina.pl\/en\/zarezerwuj-domek\/\" \/>\n<meta property=\"og:site_name\" content=\"Domki ca\u0142oroczne na wynajem\" \/>\n<meta property=\"article:modified_time\" content=\"2025-11-21T08:15:17+00:00\" \/>\n<meta property=\"og:image\" content=\"https:\/\/wislanskadolina.pl\/wp-content\/uploads\/2021\/06\/IMG-20250107-WA0012-570x450.jpg\" \/>\n<meta name=\"twitter:card\" content=\"summary_large_image\" \/>\n<script type=\"application\/ld+json\" class=\"yoast-schema-graph\">{\"@context\":\"https:\/\/schema.org\",\"@graph\":[{\"@type\":\"WebPage\",\"@id\":\"https:\/\/wislanskadolina.pl\/zarezerwuj-domek\/\",\"url\":\"https:\/\/wislanskadolina.pl\/zarezerwuj-domek\/\",\"name\":\"Zarezerwuj domek - Domki ca\u0142oroczne na wynajem\",\"isPartOf\":{\"@id\":\"https:\/\/wislanskadolina.pl\/#website\"},\"primaryImageOfPage\":{\"@id\":\"https:\/\/wislanskadolina.pl\/zarezerwuj-domek\/#primaryimage\"},\"image\":{\"@id\":\"https:\/\/wislanskadolina.pl\/zarezerwuj-domek\/#primaryimage\"},\"thumbnailUrl\":\"https:\/\/wislanskadolina.pl\/wp-content\/uploads\/2021\/06\/IMG-20250107-WA0012-570x450.jpg\",\"datePublished\":\"2025-11-18T20:21:20+00:00\",\"dateModified\":\"2025-11-21T08:15:17+00:00\",\"breadcrumb\":{\"@id\":\"https:\/\/wislanskadolina.pl\/zarezerwuj-domek\/#breadcrumb\"},\"inLanguage\":\"en-GB\",\"potentialAction\":[{\"@type\":\"ReadAction\",\"target\":[\"https:\/\/wislanskadolina.pl\/zarezerwuj-domek\/\"]}]},{\"@type\":\"ImageObject\",\"inLanguage\":\"en-GB\",\"@id\":\"https:\/\/wislanskadolina.pl\/zarezerwuj-domek\/#primaryimage\",\"url\":\"https:\/\/wislanskadolina.pl\/wp-content\/uploads\/2021\/06\/IMG-20250107-WA0012-570x450.jpg\",\"contentUrl\":\"https:\/\/wislanskadolina.pl\/wp-content\/uploads\/2021\/06\/IMG-20250107-WA0012-570x450.jpg\"},{\"@type\":\"BreadcrumbList\",\"@id\":\"https:\/\/wislanskadolina.pl\/zarezerwuj-domek\/#breadcrumb\",\"itemListElement\":[{\"@type\":\"ListItem\",\"position\":1,\"name\":\"Strona g\u0142\u00f3wna\",\"item\":\"https:\/\/wislanskadolina.pl\/\"},{\"@type\":\"ListItem\",\"position\":2,\"name\":\"Zarezerwuj domek\"}]},{\"@type\":\"WebSite\",\"@id\":\"https:\/\/wislanskadolina.pl\/#website\",\"url\":\"https:\/\/wislanskadolina.pl\/\",\"name\":\"Domki ca\u0142oroczne na wynajem\",\"description\":\"Wi\u015bla\u0144ska Dolina\",\"publisher\":{\"@id\":\"https:\/\/wislanskadolina.pl\/#organization\"},\"alternateName\":\"Domki w Wi\u015ble \u2013 Wi\u015bla\u0144ska Dolina\",\"potentialAction\":[{\"@type\":\"SearchAction\",\"target\":{\"@type\":\"EntryPoint\",\"urlTemplate\":\"https:\/\/wislanskadolina.pl\/?s={search_term_string}\"},\"query-input\":{\"@type\":\"PropertyValueSpecification\",\"valueRequired\":true,\"valueName\":\"search_term_string\"}}],\"inLanguage\":\"en-GB\"},{\"@type\":\"Organization\",\"@id\":\"https:\/\/wislanskadolina.pl\/#organization\",\"name\":\"Wi\u015bla\u0144ska Dolina\",\"url\":\"https:\/\/wislanskadolina.pl\/\",\"logo\":{\"@type\":\"ImageObject\",\"inLanguage\":\"en-GB\",\"@id\":\"https:\/\/wislanskadolina.pl\/#\/schema\/logo\/image\/\",\"url\":\"https:\/\/wislanskadolina.pl\/wp-content\/uploads\/2025\/10\/cropped-3@4x.png\",\"contentUrl\":\"https:\/\/wislanskadolina.pl\/wp-content\/uploads\/2025\/10\/cropped-3@4x.png\",\"width\":512,\"height\":512,\"caption\":\"Wi\u015bla\u0144ska Dolina\"},\"image\":{\"@id\":\"https:\/\/wislanskadolina.pl\/#\/schema\/logo\/image\/\"},\"description\":\"Wi\u015bla\u0144ska Dolina to komfortowe domki ca\u0142oroczne w Wi\u015ble (Nowa Osada). Oferujemy prywatn\u0105 bali\u0119 i saun\u0119, idealne warunki dla rodzin i grup na weekendy oraz d\u0142u\u017csze pobyty. Rezerwacje telefoniczne i online.\",\"email\":\"kontakt@wislanskadolina.pl\",\"telephone\":\"665323996\"}]}<\/script>\n<!-- \/ Yoast SEO Premium plugin. -->","yoast_head_json":{"title":"Zarezerwuj domek - Domki ca\u0142oroczne na wynajem","robots":{"index":"index","follow":"follow","max-snippet":"max-snippet:-1","max-image-preview":"max-image-preview:large","max-video-preview":"max-video-preview:-1"},"canonical":"https:\/\/wislanskadolina.pl\/en\/zarezerwuj-domek\/","og_locale":"en_GB","og_type":"article","og_title":"Zarezerwuj domek","og_description":"850PLN \/ Noc Domek nr 1 58m\u00b29 Go\u015bcie5 \u0141\u00f3\u017cka2 \u0141azienki 850PLN \/ Noc Domek nr 2 58m\u00b29 Go\u015bcie5 \u0141\u00f3\u017cka2 \u0141azienki","og_url":"https:\/\/wislanskadolina.pl\/en\/zarezerwuj-domek\/","og_site_name":"Domki ca\u0142oroczne na wynajem","article_modified_time":"2025-11-21T08:15:17+00:00","og_image":[{"url":"https:\/\/wislanskadolina.pl\/wp-content\/uploads\/2021\/06\/IMG-20250107-WA0012-570x450.jpg","type":"","width":"","height":""}],"twitter_card":"summary_large_image","schema":{"@context":"https:\/\/schema.org","@graph":[{"@type":"WebPage","@id":"https:\/\/wislanskadolina.pl\/zarezerwuj-domek\/","url":"https:\/\/wislanskadolina.pl\/zarezerwuj-domek\/","name":"Zarezerwuj domek - Domki ca\u0142oroczne na wynajem","isPartOf":{"@id":"https:\/\/wislanskadolina.pl\/#website"},"primaryImageOfPage":{"@id":"https:\/\/wislanskadolina.pl\/zarezerwuj-domek\/#primaryimage"},"image":{"@id":"https:\/\/wislanskadolina.pl\/zarezerwuj-domek\/#primaryimage"},"thumbnailUrl":"https:\/\/wislanskadolina.pl\/wp-content\/uploads\/2021\/06\/IMG-20250107-WA0012-570x450.jpg","datePublished":"2025-11-18T20:21:20+00:00","dateModified":"2025-11-21T08:15:17+00:00","breadcrumb":{"@id":"https:\/\/wislanskadolina.pl\/zarezerwuj-domek\/#breadcrumb"},"inLanguage":"en-GB","potentialAction":[{"@type":"ReadAction","target":["https:\/\/wislanskadolina.pl\/zarezerwuj-domek\/"]}]},{"@type":"ImageObject","inLanguage":"en-GB","@id":"https:\/\/wislanskadolina.pl\/zarezerwuj-domek\/#primaryimage","url":"https:\/\/wislanskadolina.pl\/wp-content\/uploads\/2021\/06\/IMG-20250107-WA0012-570x450.jpg","contentUrl":"https:\/\/wislanskadolina.pl\/wp-content\/uploads\/2021\/06\/IMG-20250107-WA0012-570x450.jpg"},{"@type":"BreadcrumbList","@id":"https:\/\/wislanskadolina.pl\/zarezerwuj-domek\/#breadcrumb","itemListElement":[{"@type":"ListItem","position":1,"name":"Strona g\u0142\u00f3wna","item":"https:\/\/wislanskadolina.pl\/"},{"@type":"ListItem","position":2,"name":"Zarezerwuj domek"}]},{"@type":"WebSite","@id":"https:\/\/wislanskadolina.pl\/#website","url":"https:\/\/wislanskadolina.pl\/","name":"Year-round cottages for rent","description":"Vistula Valley","publisher":{"@id":"https:\/\/wislanskadolina.pl\/#organization"},"alternateName":"Domki w Wi\u015ble \u2013 Wi\u015bla\u0144ska Dolina","potentialAction":[{"@type":"SearchAction","target":{"@type":"EntryPoint","urlTemplate":"https:\/\/wislanskadolina.pl\/?s={search_term_string}"},"query-input":{"@type":"PropertyValueSpecification","valueRequired":true,"valueName":"search_term_string"}}],"inLanguage":"en-GB"},{"@type":"Organization","@id":"https:\/\/wislanskadolina.pl\/#organization","name":"Vistula Valley","url":"https:\/\/wislanskadolina.pl\/","logo":{"@type":"ImageObject","inLanguage":"en-GB","@id":"https:\/\/wislanskadolina.pl\/#\/schema\/logo\/image\/","url":"https:\/\/wislanskadolina.pl\/wp-content\/uploads\/2025\/10\/cropped-3@4x.png","contentUrl":"https:\/\/wislanskadolina.pl\/wp-content\/uploads\/2025\/10\/cropped-3@4x.png","width":512,"height":512,"caption":"Wi\u015bla\u0144ska Dolina"},"image":{"@id":"https:\/\/wislanskadolina.pl\/#\/schema\/logo\/image\/"},"description":"Wi\u015bla\u0144ska Dolina to komfortowe domki ca\u0142oroczne w Wi\u015ble (Nowa Osada). Oferujemy prywatn\u0105 bali\u0119 i saun\u0119, idealne warunki dla rodzin i grup na weekendy oraz d\u0142u\u017csze pobyty. Rezerwacje telefoniczne i online.","email":"kontakt@wislanskadolina.pl","telephone":"665323996"}]}},"_links":{"self":[{"href":"https:\/\/wislanskadolina.pl\/en\/wp-json\/wp\/v2\/pages\/4982","targetHints":{"allow":["GET"]}}],"collection":[{"href":"https:\/\/wislanskadolina.pl\/en\/wp-json\/wp\/v2\/pages"}],"about":[{"href":"https:\/\/wislanskadolina.pl\/en\/wp-json\/wp\/v2\/types\/page"}],"author":[{"embeddable":true,"href":"https:\/\/wislanskadolina.pl\/en\/wp-json\/wp\/v2\/users\/1"}],"replies":[{"embeddable":true,"href":"https:\/\/wislanskadolina.pl\/en\/wp-json\/wp\/v2\/comments?post=4982"}],"version-history":[{"count":7,"href":"https:\/\/wislanskadolina.pl\/en\/wp-json\/wp\/v2\/pages\/4982\/revisions"}],"predecessor-version":[{"id":4989,"href":"https:\/\/wislanskadolina.pl\/en\/wp-json\/wp\/v2\/pages\/4982\/revisions\/4989"}],"wp:attachment":[{"href":"https:\/\/wislanskadolina.pl\/en\/wp-json\/wp\/v2\/media?parent=4982"}],"curies":[{"name":"wp","href":"https:\/\/api.w.org\/{rel}","templated":true}]}}